{"id":8016,"date":"2019-04-30T10:13:22","date_gmt":"2019-04-30T08:13:22","guid":{"rendered":"http:\/\/maxime-pinard.fr\/?page_id=8016"},"modified":"2022-09-02T19:33:56","modified_gmt":"2022-09-02T17:33:56","slug":"produits-ile-oleron","status":"publish","type":"page","link":"https:\/\/www.maxime-pinard.fr\/en\/produits-ile-oleron\/","title":{"rendered":"Products of the island of Oleron"},"content":{"rendered":"<p>[et_pb_section admin_label=\"section\"]<br \/>\n\t\t\t[et_pb_row admin_label=\"row\"]<br \/>\n\t\t\t\t[et_pb_column type=\u00a0\u00bb4_4&Prime;][et_pb_text admin_label=\u00a0\u00bbText\u00a0\u00bb][vc_row][vc_column][gsf_products products_per_page=\u00a0\u00bb15&Prime; product_paging=\u00a0\u00bbpagination-ajax\u00a0\u00bb product_animation=\u00a0\u00bbtop-to-bottom\u00a0\u00bb columns=\u00a0\u00bb3&Prime; columns_md=\u00a0\u00bb2&Prime; columns_sm=\u00a0\u00bb2&Prime; columns_xs=\u00a0\u00bb1&Prime; columns_mb=\u00a0\u00bb1&Prime;][\/vc_column][\/vc_row][\/et_pb_text][\/et_pb_column]<br \/>\n\t\t\t[\/et_pb_row]<br \/>\n\t\t[\/et_pb_section]<\/p>","protected":false},"excerpt":{"rendered":"<p>[vc_row][vc_column][gsf_products products_per_page=\u00a0\u00bb15&Prime; product_paging=\u00a0\u00bbpagination-ajax\u00a0\u00bb product_animation=\u00a0\u00bbtop-to-bottom\u00a0\u00bb columns=\u00a0\u00bb3&Prime; columns_md=\u00a0\u00bb2&Prime; columns_sm=\u00a0\u00bb2&Prime; columns_xs=\u00a0\u00bb1&Prime; columns_mb=\u00a0\u00bb1&Prime;][\/vc_column][\/vc_row]<\/p>","protected":false},"author":1,"featured_media":0,"parent":0,"menu_order":0,"comment_status":"closed","ping_status":"closed","template":"","meta":{"_et_pb_use_builder":"on","_et_pb_old_content":"[vc_row][vc_column][gsf_products products_per_page=\"15\" product_paging=\"pagination-ajax\" product_animation=\"top-to-bottom\" columns=\"3\" columns_md=\"2\" columns_sm=\"2\" columns_xs=\"1\" columns_mb=\"1\"][\/vc_column][\/vc_row]","_et_gb_content_width":""},"yoast_head":"<!-- This site is optimized with the Yoast SEO plugin v21.1 - https:\/\/yoast.com\/wordpress\/plugins\/seo\/ -->\n<title>Produits de l&#039;\u00eele d&#039;Ol\u00e9ron - GROUPE MAXIME PINARD<\/title>\n<meta name=\"robots\" content=\"index, follow, max-snippet:-1, max-image-preview:large, max-video-preview:-1\" \/>\n<link rel=\"canonical\" href=\"https:\/\/www.maxime-pinard.fr\/en\/produits-ile-oleron\/\" \/>\n<meta property=\"og:locale\" content=\"en_GB\" \/>\n<meta property=\"og:type\" content=\"article\" \/>\n<meta property=\"og:title\" content=\"Produits de l&#039;\u00eele d&#039;Ol\u00e9ron - GROUPE MAXIME PINARD\" \/>\n<meta property=\"og:description\" content=\"[vc_row][vc_column][gsf_products products_per_page=&quot;15&quot; product_paging=&quot;pagination-ajax&quot; product_animation=&quot;top-to-bottom&quot; columns=&quot;3&quot; columns_md=&quot;2&quot; columns_sm=&quot;2&quot; columns_xs=&quot;1&quot; columns_mb=&quot;1&quot;][\/vc_column][\/vc_row]\" \/>\n<meta property=\"og:url\" content=\"https:\/\/www.maxime-pinard.fr\/en\/produits-ile-oleron\/\" \/>\n<meta property=\"og:site_name\" content=\"GROUPE MAXIME PINARD\" \/>\n<meta property=\"article:publisher\" content=\"https:\/\/www.facebook.com\/VignobleMaximePinard\/\" \/>\n<meta property=\"article:modified_time\" content=\"2022-09-02T17:33:56+00:00\" \/>\n<meta property=\"og:image\" content=\"https:\/\/www.maxime-pinard.fr\/wp-content\/uploads\/2022\/08\/logo-maxime-pinard-blanc.png\" \/>\n\t<meta property=\"og:image:width\" content=\"143\" \/>\n\t<meta property=\"og:image:height\" content=\"143\" \/>\n\t<meta property=\"og:image:type\" content=\"image\/png\" \/>\n<meta name=\"twitter:card\" content=\"summary_large_image\" \/>\n<script type=\"application\/ld+json\" class=\"yoast-schema-graph\">{\"@context\":\"https:\/\/schema.org\",\"@graph\":[{\"@type\":\"WebPage\",\"@id\":\"https:\/\/www.maxime-pinard.fr\/produits-ile-oleron\/\",\"url\":\"https:\/\/www.maxime-pinard.fr\/produits-ile-oleron\/\",\"name\":\"Produits de l'\u00eele d'Ol\u00e9ron - GROUPE MAXIME PINARD\",\"isPartOf\":{\"@id\":\"https:\/\/www.maxime-pinard.fr\/#website\"},\"datePublished\":\"2019-04-30T08:13:22+00:00\",\"dateModified\":\"2022-09-02T17:33:56+00:00\",\"inLanguage\":\"en-GB\",\"potentialAction\":[{\"@type\":\"ReadAction\",\"target\":[\"https:\/\/www.maxime-pinard.fr\/produits-ile-oleron\/\"]}]},{\"@type\":\"WebSite\",\"@id\":\"https:\/\/www.maxime-pinard.fr\/#website\",\"url\":\"https:\/\/www.maxime-pinard.fr\/\",\"name\":\"GROUPE MAXIME PINARD\",\"description\":\"Vignoble, caves, h\u00f4tels, g\u00eete et salle \u00e9v\u00e9nementielle\",\"publisher\":{\"@id\":\"https:\/\/www.maxime-pinard.fr\/#organization\"},\"potentialAction\":[{\"@type\":\"SearchAction\",\"target\":{\"@type\":\"EntryPoint\",\"urlTemplate\":\"https:\/\/www.maxime-pinard.fr\/?s={search_term_string}\"},\"query-input\":\"required name=search_term_string\"}],\"inLanguage\":\"en-GB\"},{\"@type\":\"Organization\",\"@id\":\"https:\/\/www.maxime-pinard.fr\/#organization\",\"name\":\"GROUPE MAXIME PINARD\",\"url\":\"https:\/\/www.maxime-pinard.fr\/\",\"logo\":{\"@type\":\"ImageObject\",\"inLanguage\":\"en-GB\",\"@id\":\"https:\/\/www.maxime-pinard.fr\/#\/schema\/logo\/image\/\",\"url\":\"https:\/\/www.maxime-pinard.fr\/wp-content\/uploads\/2022\/08\/Groupe-Pinard-exe.png\",\"contentUrl\":\"https:\/\/www.maxime-pinard.fr\/wp-content\/uploads\/2022\/08\/Groupe-Pinard-exe.png\",\"width\":1172,\"height\":411,\"caption\":\"GROUPE MAXIME PINARD\"},\"image\":{\"@id\":\"https:\/\/www.maxime-pinard.fr\/#\/schema\/logo\/image\/\"},\"sameAs\":[\"https:\/\/www.facebook.com\/VignobleMaximePinard\/\"]}]}<\/script>\n<!-- \/ Yoast SEO plugin. -->","yoast_head_json":{"title":"Produits de l'\u00eele d'Ol\u00e9ron - GROUPE MAXIME PINARD","robots":{"index":"index","follow":"follow","max-snippet":"max-snippet:-1","max-image-preview":"max-image-preview:large","max-video-preview":"max-video-preview:-1"},"canonical":"https:\/\/www.maxime-pinard.fr\/en\/produits-ile-oleron\/","og_locale":"en_GB","og_type":"article","og_title":"Produits de l'\u00eele d'Ol\u00e9ron - GROUPE MAXIME PINARD","og_description":"[vc_row][vc_column][gsf_products products_per_page=\"15\" product_paging=\"pagination-ajax\" product_animation=\"top-to-bottom\" columns=\"3\" columns_md=\"2\" columns_sm=\"2\" columns_xs=\"1\" columns_mb=\"1\"][\/vc_column][\/vc_row]","og_url":"https:\/\/www.maxime-pinard.fr\/en\/produits-ile-oleron\/","og_site_name":"GROUPE MAXIME PINARD","article_publisher":"https:\/\/www.facebook.com\/VignobleMaximePinard\/","article_modified_time":"2022-09-02T17:33:56+00:00","og_image":[{"width":143,"height":143,"url":"https:\/\/www.maxime-pinard.fr\/wp-content\/uploads\/2022\/08\/logo-maxime-pinard-blanc.png","type":"image\/png"}],"twitter_card":"summary_large_image","schema":{"@context":"https:\/\/schema.org","@graph":[{"@type":"WebPage","@id":"https:\/\/www.maxime-pinard.fr\/produits-ile-oleron\/","url":"https:\/\/www.maxime-pinard.fr\/produits-ile-oleron\/","name":"Produits de l'\u00eele d'Ol\u00e9ron - GROUPE MAXIME PINARD","isPartOf":{"@id":"https:\/\/www.maxime-pinard.fr\/#website"},"datePublished":"2019-04-30T08:13:22+00:00","dateModified":"2022-09-02T17:33:56+00:00","inLanguage":"en-GB","potentialAction":[{"@type":"ReadAction","target":["https:\/\/www.maxime-pinard.fr\/produits-ile-oleron\/"]}]},{"@type":"WebSite","@id":"https:\/\/www.maxime-pinard.fr\/#website","url":"https:\/\/www.maxime-pinard.fr\/","name":"GROUPE MAXIME PINARD","description":"Vignoble, caves, h\u00f4tels, g\u00eete et salle \u00e9v\u00e9nementielle","publisher":{"@id":"https:\/\/www.maxime-pinard.fr\/#organization"},"potentialAction":[{"@type":"SearchAction","target":{"@type":"EntryPoint","urlTemplate":"https:\/\/www.maxime-pinard.fr\/?s={search_term_string}"},"query-input":"required name=search_term_string"}],"inLanguage":"en-GB"},{"@type":"Organization","@id":"https:\/\/www.maxime-pinard.fr\/#organization","name":"GROUPE MAXIME PINARD","url":"https:\/\/www.maxime-pinard.fr\/","logo":{"@type":"ImageObject","inLanguage":"en-GB","@id":"https:\/\/www.maxime-pinard.fr\/#\/schema\/logo\/image\/","url":"https:\/\/www.maxime-pinard.fr\/wp-content\/uploads\/2022\/08\/Groupe-Pinard-exe.png","contentUrl":"https:\/\/www.maxime-pinard.fr\/wp-content\/uploads\/2022\/08\/Groupe-Pinard-exe.png","width":1172,"height":411,"caption":"GROUPE MAXIME PINARD"},"image":{"@id":"https:\/\/www.maxime-pinard.fr\/#\/schema\/logo\/image\/"},"sameAs":["https:\/\/www.facebook.com\/VignobleMaximePinard\/"]}]}},"_links":{"self":[{"href":"https:\/\/www.maxime-pinard.fr\/en\/wp-json\/wp\/v2\/pages\/8016"}],"collection":[{"href":"https:\/\/www.maxime-pinard.fr\/en\/wp-json\/wp\/v2\/pages"}],"about":[{"href":"https:\/\/www.maxime-pinard.fr\/en\/wp-json\/wp\/v2\/types\/page"}],"author":[{"embeddable":true,"href":"https:\/\/www.maxime-pinard.fr\/en\/wp-json\/wp\/v2\/users\/1"}],"replies":[{"embeddable":true,"href":"https:\/\/www.maxime-pinard.fr\/en\/wp-json\/wp\/v2\/comments?post=8016"}],"version-history":[{"count":0,"href":"https:\/\/www.maxime-pinard.fr\/en\/wp-json\/wp\/v2\/pages\/8016\/revisions"}],"wp:attachment":[{"href":"https:\/\/www.maxime-pinard.fr\/en\/wp-json\/wp\/v2\/media?parent=8016"}],"curies":[{"name":"wp","href":"https:\/\/api.w.org\/{rel}","templated":true}]}}