{"id":4430,"date":"2018-03-01T07:15:26","date_gmt":"2018-03-01T05:15:26","guid":{"rendered":"https:\/\/www.maxime-pinard.fr\/?post_type=product&#038;p=4430"},"modified":"2022-08-30T20:46:16","modified_gmt":"2022-08-30T18:46:16","slug":"liqueur-cognac-orange-oleron","status":"publish","type":"product","link":"https:\/\/www.maxime-pinard.fr\/en\/product\/liqueur-cognac-orange-oleron\/","title":{"rendered":"Orange Cognac Liqueur"},"content":{"rendered":"","protected":false},"excerpt":{"rendered":"<p><strong>Description:<\/strong><br \/>\nCocktails of cognac and natural orange extract.<\/p>\n<p>&nbsp;<\/p>\n<p><strong>Tasting advice:<\/strong><br \/>\nVery fruity and light (18\u00b0), it can be drunk chilled as an aperitif but can also be used on fruit salads or in the composition of many desserts including pancake batter. It is also perfect for making a kir royal.<\/p>\n<p>&nbsp;<\/p>\n<p><em style=\"font-size: 11px; color: #2b8d9c;\"><img decoding=\"async\" loading=\"lazy\" class=\"alignnone wp-image-7658\" src=\"http:\/\/maxime-pinard.fr\/wp-content\/uploads\/2018\/11\/logo-enceinte.png\" alt=\"\" width=\"25\" height=\"25\" \/> <\/em><em style=\"font-size: 11px; color: #2b8d9c;\">Alcohol abuse is dangerous for your health, drink in moderation<\/em><\/p>\n<p>&nbsp;<\/p>\n<hr \/>\n<p>&nbsp;<\/p>\n<p><strong>All orders are made via an order form: <\/strong><\/p>\n<ul>\n<li><strong><a href=\"https:\/\/www.maxime-pinard.fr\/wp-content\/uploads\/2022\/08\/bon-de-commande-maxime-pinard.pdf\" target=\"_blank\" rel=\"noopener noreferrer\">Order form<\/a><\/strong><\/li>\n<li><strong><a href=\"https:\/\/www.maxime-pinard.fr\/wp-content\/uploads\/2022\/08\/instructions-de-commande.pdf\" target=\"_blank\" rel=\"noopener noreferrer\">Delivery instructions<\/a><\/strong><\/li>\n<\/ul>","protected":false},"featured_media":8183,"template":"","meta":{"_et_pb_use_builder":"on","_et_pb_old_content":"","_et_gb_content_width":""},"product_cat":[24,27],"product_tag":[],"yoast_head":"<!-- This site is optimized with the Yoast SEO plugin v21.1 - https:\/\/yoast.com\/wordpress\/plugins\/seo\/ -->\n<title>Liqueur de Cognac Orange - GROUPE MAXIME PINARD<\/title>\n<meta name=\"robots\" content=\"index, follow, max-snippet:-1, max-image-preview:large, max-video-preview:-1\" \/>\n<link rel=\"canonical\" href=\"https:\/\/www.maxime-pinard.fr\/en\/product\/liqueur-cognac-orange-oleron\/\" \/>\n<meta property=\"og:locale\" content=\"en_GB\" \/>\n<meta property=\"og:type\" content=\"article\" \/>\n<meta property=\"og:title\" content=\"Liqueur de Cognac Orange - GROUPE MAXIME PINARD\" \/>\n<meta property=\"og:description\" content=\"Description : Cocktails de cognac et d\u02bcextrait naturel d\u02bcorange.  &nbsp;  Conseils de d\u00e9gustation : Tr\u00e8s fruit\u00e9e et l\u00e9g\u00e8re(18\u00b0), elle se boit fra\u00eeche en ap\u00e9ritif mais peut-\u00eatre aussi utilis\u00e9e sur des salades de fruits ou dans la composition de nombreux desserts dont la p\u00e2te \u00e0 cr\u00eape. De plus, elle sera parfaite pour la confection d\u02bcun kir royal.  &nbsp;   L&#039;abus d&#039;alcool est dangereux pour la sant\u00e9, consommez avec mod\u00e9ration  &nbsp;    &nbsp;  Toute commande se fait via un bon de commande :    Bon de commande  Instructions de livraison\" \/>\n<meta property=\"og:url\" content=\"https:\/\/www.maxime-pinard.fr\/en\/product\/liqueur-cognac-orange-oleron\/\" \/>\n<meta property=\"og:site_name\" content=\"GROUPE MAXIME PINARD\" \/>\n<meta property=\"article:publisher\" content=\"https:\/\/www.facebook.com\/VignobleMaximePinard\/\" \/>\n<meta property=\"article:modified_time\" content=\"2022-08-30T18:46:16+00:00\" \/>\n<meta property=\"og:image\" content=\"https:\/\/www.maxime-pinard.fr\/wp-content\/uploads\/2022\/08\/liqueur-de-cognac-orange.png\" \/>\n\t<meta property=\"og:image:width\" content=\"570\" \/>\n\t<meta property=\"og:image:height\" content=\"570\" \/>\n\t<meta property=\"og:image:type\" content=\"image\/png\" \/>\n<meta name=\"twitter:card\" content=\"summary_large_image\" \/>\n<script type=\"application\/ld+json\" class=\"yoast-schema-graph\">{\"@context\":\"https:\/\/schema.org\",\"@graph\":[{\"@type\":\"WebPage\",\"@id\":\"https:\/\/www.maxime-pinard.fr\/produit\/liqueur-cognac-orange-oleron\/\",\"url\":\"https:\/\/www.maxime-pinard.fr\/produit\/liqueur-cognac-orange-oleron\/\",\"name\":\"Liqueur de Cognac Orange - GROUPE MAXIME PINARD\",\"isPartOf\":{\"@id\":\"https:\/\/www.maxime-pinard.fr\/#website\"},\"datePublished\":\"2018-03-01T05:15:26+00:00\",\"dateModified\":\"2022-08-30T18:46:16+00:00\",\"breadcrumb\":{\"@id\":\"https:\/\/www.maxime-pinard.fr\/produit\/liqueur-cognac-orange-oleron\/#breadcrumb\"},\"inLanguage\":\"en-GB\",\"potentialAction\":[{\"@type\":\"ReadAction\",\"target\":[\"https:\/\/www.maxime-pinard.fr\/produit\/liqueur-cognac-orange-oleron\/\"]}]},{\"@type\":\"BreadcrumbList\",\"@id\":\"https:\/\/www.maxime-pinard.fr\/produit\/liqueur-cognac-orange-oleron\/#breadcrumb\",\"itemListElement\":[{\"@type\":\"ListItem\",\"position\":1,\"name\":\"Produits\",\"item\":\"https:\/\/www.maxime-pinard.fr\/shop\/\"},{\"@type\":\"ListItem\",\"position\":2,\"name\":\"Liqueur de Cognac Orange\"}]},{\"@type\":\"WebSite\",\"@id\":\"https:\/\/www.maxime-pinard.fr\/#website\",\"url\":\"https:\/\/www.maxime-pinard.fr\/\",\"name\":\"GROUPE MAXIME PINARD\",\"description\":\"Vignoble, caves, h\u00f4tels, g\u00eete et salle \u00e9v\u00e9nementielle\",\"publisher\":{\"@id\":\"https:\/\/www.maxime-pinard.fr\/#organization\"},\"potentialAction\":[{\"@type\":\"SearchAction\",\"target\":{\"@type\":\"EntryPoint\",\"urlTemplate\":\"https:\/\/www.maxime-pinard.fr\/?s={search_term_string}\"},\"query-input\":\"required name=search_term_string\"}],\"inLanguage\":\"en-GB\"},{\"@type\":\"Organization\",\"@id\":\"https:\/\/www.maxime-pinard.fr\/#organization\",\"name\":\"GROUPE MAXIME PINARD\",\"url\":\"https:\/\/www.maxime-pinard.fr\/\",\"logo\":{\"@type\":\"ImageObject\",\"inLanguage\":\"en-GB\",\"@id\":\"https:\/\/www.maxime-pinard.fr\/#\/schema\/logo\/image\/\",\"url\":\"https:\/\/www.maxime-pinard.fr\/wp-content\/uploads\/2022\/08\/Groupe-Pinard-exe.png\",\"contentUrl\":\"https:\/\/www.maxime-pinard.fr\/wp-content\/uploads\/2022\/08\/Groupe-Pinard-exe.png\",\"width\":1172,\"height\":411,\"caption\":\"GROUPE MAXIME PINARD\"},\"image\":{\"@id\":\"https:\/\/www.maxime-pinard.fr\/#\/schema\/logo\/image\/\"},\"sameAs\":[\"https:\/\/www.facebook.com\/VignobleMaximePinard\/\"]}]}<\/script>\n<!-- \/ Yoast SEO plugin. -->","yoast_head_json":{"title":"Liqueur de Cognac Orange - GROUPE MAXIME PINARD","robots":{"index":"index","follow":"follow","max-snippet":"max-snippet:-1","max-image-preview":"max-image-preview:large","max-video-preview":"max-video-preview:-1"},"canonical":"https:\/\/www.maxime-pinard.fr\/en\/product\/liqueur-cognac-orange-oleron\/","og_locale":"en_GB","og_type":"article","og_title":"Liqueur de Cognac Orange - GROUPE MAXIME PINARD","og_description":"Description : Cocktails de cognac et d\u02bcextrait naturel d\u02bcorange.  &nbsp;  Conseils de d\u00e9gustation : Tr\u00e8s fruit\u00e9e et l\u00e9g\u00e8re(18\u00b0), elle se boit fra\u00eeche en ap\u00e9ritif mais peut-\u00eatre aussi utilis\u00e9e sur des salades de fruits ou dans la composition de nombreux desserts dont la p\u00e2te \u00e0 cr\u00eape. De plus, elle sera parfaite pour la confection d\u02bcun kir royal.  &nbsp;   L'abus d'alcool est dangereux pour la sant\u00e9, consommez avec mod\u00e9ration  &nbsp;    &nbsp;  Toute commande se fait via un bon de commande :    Bon de commande  Instructions de livraison","og_url":"https:\/\/www.maxime-pinard.fr\/en\/product\/liqueur-cognac-orange-oleron\/","og_site_name":"GROUPE MAXIME PINARD","article_publisher":"https:\/\/www.facebook.com\/VignobleMaximePinard\/","article_modified_time":"2022-08-30T18:46:16+00:00","og_image":[{"width":570,"height":570,"url":"https:\/\/www.maxime-pinard.fr\/wp-content\/uploads\/2022\/08\/liqueur-de-cognac-orange.png","type":"image\/png"}],"twitter_card":"summary_large_image","schema":{"@context":"https:\/\/schema.org","@graph":[{"@type":"WebPage","@id":"https:\/\/www.maxime-pinard.fr\/produit\/liqueur-cognac-orange-oleron\/","url":"https:\/\/www.maxime-pinard.fr\/produit\/liqueur-cognac-orange-oleron\/","name":"Liqueur de Cognac Orange - GROUPE MAXIME PINARD","isPartOf":{"@id":"https:\/\/www.maxime-pinard.fr\/#website"},"datePublished":"2018-03-01T05:15:26+00:00","dateModified":"2022-08-30T18:46:16+00:00","breadcrumb":{"@id":"https:\/\/www.maxime-pinard.fr\/produit\/liqueur-cognac-orange-oleron\/#breadcrumb"},"inLanguage":"en-GB","potentialAction":[{"@type":"ReadAction","target":["https:\/\/www.maxime-pinard.fr\/produit\/liqueur-cognac-orange-oleron\/"]}]},{"@type":"BreadcrumbList","@id":"https:\/\/www.maxime-pinard.fr\/produit\/liqueur-cognac-orange-oleron\/#breadcrumb","itemListElement":[{"@type":"ListItem","position":1,"name":"Produits","item":"https:\/\/www.maxime-pinard.fr\/shop\/"},{"@type":"ListItem","position":2,"name":"Liqueur de Cognac Orange"}]},{"@type":"WebSite","@id":"https:\/\/www.maxime-pinard.fr\/#website","url":"https:\/\/www.maxime-pinard.fr\/","name":"GROUPE MAXIME PINARD","description":"Vignoble, caves, h\u00f4tels, g\u00eete et salle \u00e9v\u00e9nementielle","publisher":{"@id":"https:\/\/www.maxime-pinard.fr\/#organization"},"potentialAction":[{"@type":"SearchAction","target":{"@type":"EntryPoint","urlTemplate":"https:\/\/www.maxime-pinard.fr\/?s={search_term_string}"},"query-input":"required name=search_term_string"}],"inLanguage":"en-GB"},{"@type":"Organization","@id":"https:\/\/www.maxime-pinard.fr\/#organization","name":"GROUPE MAXIME PINARD","url":"https:\/\/www.maxime-pinard.fr\/","logo":{"@type":"ImageObject","inLanguage":"en-GB","@id":"https:\/\/www.maxime-pinard.fr\/#\/schema\/logo\/image\/","url":"https:\/\/www.maxime-pinard.fr\/wp-content\/uploads\/2022\/08\/Groupe-Pinard-exe.png","contentUrl":"https:\/\/www.maxime-pinard.fr\/wp-content\/uploads\/2022\/08\/Groupe-Pinard-exe.png","width":1172,"height":411,"caption":"GROUPE MAXIME PINARD"},"image":{"@id":"https:\/\/www.maxime-pinard.fr\/#\/schema\/logo\/image\/"},"sameAs":["https:\/\/www.facebook.com\/VignobleMaximePinard\/"]}]}},"_links":{"self":[{"href":"https:\/\/www.maxime-pinard.fr\/en\/wp-json\/wp\/v2\/product\/4430"}],"collection":[{"href":"https:\/\/www.maxime-pinard.fr\/en\/wp-json\/wp\/v2\/product"}],"about":[{"href":"https:\/\/www.maxime-pinard.fr\/en\/wp-json\/wp\/v2\/types\/product"}],"wp:featuredmedia":[{"embeddable":true,"href":"https:\/\/www.maxime-pinard.fr\/en\/wp-json\/wp\/v2\/media\/8183"}],"wp:attachment":[{"href":"https:\/\/www.maxime-pinard.fr\/en\/wp-json\/wp\/v2\/media?parent=4430"}],"wp:term":[{"taxonomy":"product_cat","embeddable":true,"href":"https:\/\/www.maxime-pinard.fr\/en\/wp-json\/wp\/v2\/product_cat?post=4430"},{"taxonomy":"product_tag","embeddable":true,"href":"https:\/\/www.maxime-pinard.fr\/en\/wp-json\/wp\/v2\/product_tag?post=4430"}],"curies":[{"name":"wp","href":"https:\/\/api.w.org\/{rel}","templated":true}]}}