{"id":4541,"date":"2017-09-01T08:43:55","date_gmt":"2017-09-01T06:43:55","guid":{"rendered":"https:\/\/www.maxime-pinard.fr\/?post_type=product&#038;p=4541"},"modified":"2022-08-30T20:42:34","modified_gmt":"2022-08-30T18:42:34","slug":"dynamite-17-rouge-oleron","status":"publish","type":"product","link":"https:\/\/www.maxime-pinard.fr\/en\/product\/dynamite-17-rouge-oleron\/","title":{"rendered":"Dynamite 17 - Red"},"content":{"rendered":"","protected":false},"excerpt":{"rendered":"<p><strong>Description:<\/strong><br \/>\nExclusive to the Maxime Pinard house, Dynamite 17 is a sparkling cocktail with grape juice and cognac brandy.<\/p>\n<p>&nbsp;<\/p>\n<p><strong>Tasting advice:<\/strong><br \/>\nDynamite 17 red can be drunk chilled like a pineau as an aperitif or with a dessert and its sparkling side recalls the festive side of champagne with the taste of red pineau.<\/p>\n<p>&nbsp;<\/p>\n<p><em style=\"font-size: 11px; color: #2b8d9c;\"><img decoding=\"async\" loading=\"lazy\" class=\"alignnone wp-image-7658\" src=\"http:\/\/maxime-pinard.fr\/wp-content\/uploads\/2018\/11\/logo-enceinte.png\" alt=\"\" width=\"25\" height=\"25\" \/> <\/em><em style=\"font-size: 11px; color: #2b8d9c;\">Alcohol abuse is dangerous for your health, drink in moderation<\/em><\/p>\n<p>&nbsp;<\/p>\n<hr \/>\n<p>&nbsp;<\/p>\n<p><strong>All orders are made via an order form: <\/strong><\/p>\n<ul>\n<li><strong><a href=\"https:\/\/www.maxime-pinard.fr\/wp-content\/uploads\/2022\/08\/bon-de-commande-maxime-pinard.pdf\" target=\"_blank\" rel=\"noopener noreferrer\">Order form<\/a><\/strong><\/li>\n<li><strong><a href=\"https:\/\/www.maxime-pinard.fr\/wp-content\/uploads\/2022\/08\/instructions-de-commande.pdf\" target=\"_blank\" rel=\"noopener noreferrer\">Delivery instructions<\/a><\/strong><\/li>\n<\/ul>","protected":false},"featured_media":8187,"template":"","meta":{"_et_pb_use_builder":"","_et_pb_old_content":"","_et_gb_content_width":""},"product_cat":[25,27],"product_tag":[],"yoast_head":"<!-- This site is optimized with the Yoast SEO plugin v21.1 - https:\/\/yoast.com\/wordpress\/plugins\/seo\/ -->\n<title>Dynamite 17 \u2013 Rouge - GROUPE MAXIME PINARD<\/title>\n<meta name=\"robots\" content=\"index, follow, max-snippet:-1, max-image-preview:large, max-video-preview:-1\" \/>\n<link rel=\"canonical\" href=\"https:\/\/www.maxime-pinard.fr\/en\/product\/dynamite-17-rouge-oleron\/\" \/>\n<meta property=\"og:locale\" content=\"en_GB\" \/>\n<meta property=\"og:type\" content=\"article\" \/>\n<meta property=\"og:title\" content=\"Dynamite 17 \u2013 Rouge - GROUPE MAXIME PINARD\" \/>\n<meta property=\"og:description\" content=\"Description : Exclusivit\u00e9 de la maison Maxime Pinard, la Dynamite 17 est un cocktail p\u00e9tillant au Jus de raisin et eau de vie de cognac.  &nbsp;  Conseils\u00a0de d\u00e9gustation\u00a0: La Dynamite 17 rouge se boit tr\u00e8s fra\u00eeche comme un pineau en ap\u00e9ritif ou sur un dessert et son cot\u00e9 p\u00e9tillant rappelle le cot\u00e9 festif du champagne avec le go\u00fbt du pineau rouge.  &nbsp;   L&#039;abus d&#039;alcool est dangereux pour la sant\u00e9, consommez avec mod\u00e9ration  &nbsp;    &nbsp;  Toute commande se fait via un bon de commande :    Bon de commande  Instructions de livraison\" \/>\n<meta property=\"og:url\" content=\"https:\/\/www.maxime-pinard.fr\/en\/product\/dynamite-17-rouge-oleron\/\" \/>\n<meta property=\"og:site_name\" content=\"GROUPE MAXIME PINARD\" \/>\n<meta property=\"article:publisher\" content=\"https:\/\/www.facebook.com\/VignobleMaximePinard\/\" \/>\n<meta property=\"article:modified_time\" content=\"2022-08-30T18:42:34+00:00\" \/>\n<meta property=\"og:image\" content=\"https:\/\/www.maxime-pinard.fr\/wp-content\/uploads\/2022\/08\/dynamite-rouge-1.png\" \/>\n\t<meta property=\"og:image:width\" content=\"570\" \/>\n\t<meta property=\"og:image:height\" content=\"570\" \/>\n\t<meta property=\"og:image:type\" content=\"image\/png\" \/>\n<meta name=\"twitter:card\" content=\"summary_large_image\" \/>\n<script type=\"application\/ld+json\" class=\"yoast-schema-graph\">{\"@context\":\"https:\/\/schema.org\",\"@graph\":[{\"@type\":\"WebPage\",\"@id\":\"https:\/\/www.maxime-pinard.fr\/produit\/dynamite-17-rouge-oleron\/\",\"url\":\"https:\/\/www.maxime-pinard.fr\/produit\/dynamite-17-rouge-oleron\/\",\"name\":\"Dynamite 17 \u2013 Rouge - GROUPE MAXIME PINARD\",\"isPartOf\":{\"@id\":\"https:\/\/www.maxime-pinard.fr\/#website\"},\"datePublished\":\"2017-09-01T06:43:55+00:00\",\"dateModified\":\"2022-08-30T18:42:34+00:00\",\"breadcrumb\":{\"@id\":\"https:\/\/www.maxime-pinard.fr\/produit\/dynamite-17-rouge-oleron\/#breadcrumb\"},\"inLanguage\":\"en-GB\",\"potentialAction\":[{\"@type\":\"ReadAction\",\"target\":[\"https:\/\/www.maxime-pinard.fr\/produit\/dynamite-17-rouge-oleron\/\"]}]},{\"@type\":\"BreadcrumbList\",\"@id\":\"https:\/\/www.maxime-pinard.fr\/produit\/dynamite-17-rouge-oleron\/#breadcrumb\",\"itemListElement\":[{\"@type\":\"ListItem\",\"position\":1,\"name\":\"Produits\",\"item\":\"https:\/\/www.maxime-pinard.fr\/shop\/\"},{\"@type\":\"ListItem\",\"position\":2,\"name\":\"Dynamite 17 \u2013 Rouge\"}]},{\"@type\":\"WebSite\",\"@id\":\"https:\/\/www.maxime-pinard.fr\/#website\",\"url\":\"https:\/\/www.maxime-pinard.fr\/\",\"name\":\"GROUPE MAXIME PINARD\",\"description\":\"Vignoble, caves, h\u00f4tels, g\u00eete et salle \u00e9v\u00e9nementielle\",\"publisher\":{\"@id\":\"https:\/\/www.maxime-pinard.fr\/#organization\"},\"potentialAction\":[{\"@type\":\"SearchAction\",\"target\":{\"@type\":\"EntryPoint\",\"urlTemplate\":\"https:\/\/www.maxime-pinard.fr\/?s={search_term_string}\"},\"query-input\":\"required name=search_term_string\"}],\"inLanguage\":\"en-GB\"},{\"@type\":\"Organization\",\"@id\":\"https:\/\/www.maxime-pinard.fr\/#organization\",\"name\":\"GROUPE MAXIME PINARD\",\"url\":\"https:\/\/www.maxime-pinard.fr\/\",\"logo\":{\"@type\":\"ImageObject\",\"inLanguage\":\"en-GB\",\"@id\":\"https:\/\/www.maxime-pinard.fr\/#\/schema\/logo\/image\/\",\"url\":\"https:\/\/www.maxime-pinard.fr\/wp-content\/uploads\/2022\/08\/Groupe-Pinard-exe.png\",\"contentUrl\":\"https:\/\/www.maxime-pinard.fr\/wp-content\/uploads\/2022\/08\/Groupe-Pinard-exe.png\",\"width\":1172,\"height\":411,\"caption\":\"GROUPE MAXIME PINARD\"},\"image\":{\"@id\":\"https:\/\/www.maxime-pinard.fr\/#\/schema\/logo\/image\/\"},\"sameAs\":[\"https:\/\/www.facebook.com\/VignobleMaximePinard\/\"]}]}<\/script>\n<!-- \/ Yoast SEO plugin. -->","yoast_head_json":{"title":"Dynamite 17 \u2013 Rouge - GROUPE MAXIME PINARD","robots":{"index":"index","follow":"follow","max-snippet":"max-snippet:-1","max-image-preview":"max-image-preview:large","max-video-preview":"max-video-preview:-1"},"canonical":"https:\/\/www.maxime-pinard.fr\/en\/product\/dynamite-17-rouge-oleron\/","og_locale":"en_GB","og_type":"article","og_title":"Dynamite 17 \u2013 Rouge - GROUPE MAXIME PINARD","og_description":"Description : Exclusivit\u00e9 de la maison Maxime Pinard, la Dynamite 17 est un cocktail p\u00e9tillant au Jus de raisin et eau de vie de cognac.  &nbsp;  Conseils\u00a0de d\u00e9gustation\u00a0: La Dynamite 17 rouge se boit tr\u00e8s fra\u00eeche comme un pineau en ap\u00e9ritif ou sur un dessert et son cot\u00e9 p\u00e9tillant rappelle le cot\u00e9 festif du champagne avec le go\u00fbt du pineau rouge.  &nbsp;   L'abus d'alcool est dangereux pour la sant\u00e9, consommez avec mod\u00e9ration  &nbsp;    &nbsp;  Toute commande se fait via un bon de commande :    Bon de commande  Instructions de livraison","og_url":"https:\/\/www.maxime-pinard.fr\/en\/product\/dynamite-17-rouge-oleron\/","og_site_name":"GROUPE MAXIME PINARD","article_publisher":"https:\/\/www.facebook.com\/VignobleMaximePinard\/","article_modified_time":"2022-08-30T18:42:34+00:00","og_image":[{"width":570,"height":570,"url":"https:\/\/www.maxime-pinard.fr\/wp-content\/uploads\/2022\/08\/dynamite-rouge-1.png","type":"image\/png"}],"twitter_card":"summary_large_image","schema":{"@context":"https:\/\/schema.org","@graph":[{"@type":"WebPage","@id":"https:\/\/www.maxime-pinard.fr\/produit\/dynamite-17-rouge-oleron\/","url":"https:\/\/www.maxime-pinard.fr\/produit\/dynamite-17-rouge-oleron\/","name":"Dynamite 17 \u2013 Rouge - GROUPE MAXIME PINARD","isPartOf":{"@id":"https:\/\/www.maxime-pinard.fr\/#website"},"datePublished":"2017-09-01T06:43:55+00:00","dateModified":"2022-08-30T18:42:34+00:00","breadcrumb":{"@id":"https:\/\/www.maxime-pinard.fr\/produit\/dynamite-17-rouge-oleron\/#breadcrumb"},"inLanguage":"en-GB","potentialAction":[{"@type":"ReadAction","target":["https:\/\/www.maxime-pinard.fr\/produit\/dynamite-17-rouge-oleron\/"]}]},{"@type":"BreadcrumbList","@id":"https:\/\/www.maxime-pinard.fr\/produit\/dynamite-17-rouge-oleron\/#breadcrumb","itemListElement":[{"@type":"ListItem","position":1,"name":"Produits","item":"https:\/\/www.maxime-pinard.fr\/shop\/"},{"@type":"ListItem","position":2,"name":"Dynamite 17 \u2013 Rouge"}]},{"@type":"WebSite","@id":"https:\/\/www.maxime-pinard.fr\/#website","url":"https:\/\/www.maxime-pinard.fr\/","name":"GROUPE MAXIME PINARD","description":"Vignoble, caves, h\u00f4tels, g\u00eete et salle \u00e9v\u00e9nementielle","publisher":{"@id":"https:\/\/www.maxime-pinard.fr\/#organization"},"potentialAction":[{"@type":"SearchAction","target":{"@type":"EntryPoint","urlTemplate":"https:\/\/www.maxime-pinard.fr\/?s={search_term_string}"},"query-input":"required name=search_term_string"}],"inLanguage":"en-GB"},{"@type":"Organization","@id":"https:\/\/www.maxime-pinard.fr\/#organization","name":"GROUPE MAXIME PINARD","url":"https:\/\/www.maxime-pinard.fr\/","logo":{"@type":"ImageObject","inLanguage":"en-GB","@id":"https:\/\/www.maxime-pinard.fr\/#\/schema\/logo\/image\/","url":"https:\/\/www.maxime-pinard.fr\/wp-content\/uploads\/2022\/08\/Groupe-Pinard-exe.png","contentUrl":"https:\/\/www.maxime-pinard.fr\/wp-content\/uploads\/2022\/08\/Groupe-Pinard-exe.png","width":1172,"height":411,"caption":"GROUPE MAXIME PINARD"},"image":{"@id":"https:\/\/www.maxime-pinard.fr\/#\/schema\/logo\/image\/"},"sameAs":["https:\/\/www.facebook.com\/VignobleMaximePinard\/"]}]}},"_links":{"self":[{"href":"https:\/\/www.maxime-pinard.fr\/en\/wp-json\/wp\/v2\/product\/4541"}],"collection":[{"href":"https:\/\/www.maxime-pinard.fr\/en\/wp-json\/wp\/v2\/product"}],"about":[{"href":"https:\/\/www.maxime-pinard.fr\/en\/wp-json\/wp\/v2\/types\/product"}],"wp:featuredmedia":[{"embeddable":true,"href":"https:\/\/www.maxime-pinard.fr\/en\/wp-json\/wp\/v2\/media\/8187"}],"wp:attachment":[{"href":"https:\/\/www.maxime-pinard.fr\/en\/wp-json\/wp\/v2\/media?parent=4541"}],"wp:term":[{"taxonomy":"product_cat","embeddable":true,"href":"https:\/\/www.maxime-pinard.fr\/en\/wp-json\/wp\/v2\/product_cat?post=4541"},{"taxonomy":"product_tag","embeddable":true,"href":"https:\/\/www.maxime-pinard.fr\/en\/wp-json\/wp\/v2\/product_tag?post=4541"}],"curies":[{"name":"wp","href":"https:\/\/api.w.org\/{rel}","templated":true}]}}