{"id":4544,"date":"2018-04-01T08:46:55","date_gmt":"2018-04-01T06:46:55","guid":{"rendered":"https:\/\/www.maxime-pinard.fr\/?post_type=product&#038;p=4544"},"modified":"2023-04-11T16:42:05","modified_gmt":"2023-04-11T14:42:05","slug":"cognac-xo-oleron","status":"publish","type":"product","link":"https:\/\/www.maxime-pinard.fr\/en\/product\/cognac-xo-oleron\/","title":{"rendered":"XO Cognac"},"content":{"rendered":"<p>[et_pb_section fb_built=\"1\u2033 _builder_version=\"4.16\u2033 custom_padding=\"0px||||false|false \" global_colors_info=\"{} \"][et_pb_row _builder_version=\"4.16\u2033 background_size=\"initial \" background_position=\"top_left \" background_repeat=\"repeat \" width=\"100% \" custom_padding=\"0px||0px||false|false \" global_colors_info=\"{} \"][et_pb_column type=\"4_4\u2033 _builder_version=\"4.16\u2033 custom_padding=\"||| \" global_colors_info=\"{} \" custom_padding__hover=\"||| \"][et_pb_wc_breadcrumb _builder_version=\"4.16\u2033 global_colors_info=\"{} \"][\/et_pb_wc_breadcrumb][et_pb_wc_cart_notice _builder_version=\"4.16\u2033 global_colors_info=\"{} \"][\/et_pb_wc_cart_notice][\/et_pb_column][\/et_pb_row][et_pb_row _builder_version=\"4.16\u2033 background_size=\"initial \" background_position=\"top_left \" background_repeat=\"repeat \" width=\"100% \" custom_padding=\"0px||||false|false \" global_colors_info=\"{} \" column_structure=\"1_2,1_2\u2033][et_pb_column type=\"1_2\u2033 _builder_version=\"4.16\u2033 custom_padding=\"||| \" global_colors_info=\"{} \" custom_padding__hover=\"||| \"][et_pb_wc_images _builder_version=\"4.16\u2033 global_colors_info=\"{} \"][\/et_pb_wc_images][\/et_pb_column][et_pb_column type=\"1_2\u2033 _builder_version=\"4.16\u2033 custom_padding=\"||| \" global_colors_info=\"{} \" custom_padding__hover=\"||| \"][et_pb_wc_title _builder_version=\"4.16\u2033 global_colors_info=\"{} \"][\/et_pb_wc_title][et_pb_wc_rating _builder_version=\"4.16\u2033 global_colors_info=\"{} \"][\/et_pb_wc_rating][et_pb_wc_price _builder_version=\"4.16\u2033 global_colors_info=\"{} \"][\/et_pb_wc_price][et_pb_wc_description _builder_version=\"4.16\u2033 global_colors_info=\"{} \"][\/et_pb_wc_description][et_pb_wc_add_to_cart _builder_version=\"4.16\u2033 global_colors_info=\"{} \"][\/et_pb_wc_add_to_cart][et_pb_wc_meta _builder_version=\"4.16\u2033 global_colors_info=\"{} \"][\/et_pb_wc_meta][\/et_pb_column][\/et_pb_row][et_pb_row _builder_version=\"4.16\u2033 background_size=\"initial \" background_position=\"top_left \" background_repeat=\"repeat \" width=\"100% \" global_colors_info=\"{} \"][et_pb_column type=\"4_4\u2033 _builder_version=\"4.16\u2033 custom_padding=\"||| \" global_colors_info=\"{} \" custom_padding__hover=\"||| \"][et_pb_wc_tabs _builder_version=\"4.16\u2033 hover_enabled=\"0\u2033 global_colors_info=\"{} \" sticky_enabled=\"0\u2033] [\/et_pb_wc_tabs][et_pb_wc_upsells _builder_version=\"4.16\u2033 global_colors_info=\"{} \"][\/et_pb_wc_upsells][et_pb_wc_related_products _builder_version=\"4.16\u2033 global_colors_info=\"{} \"][\/et_pb_wc_related_products][\/et_pb_column][\/et_pb_row][\/et_pb_section]<\/p>","protected":false},"excerpt":{"rendered":"<p><strong>Description:<\/strong><br \/>\nThis exceptional cognac is the fruit of the work and experience of several generations. Its flavours are generous with a very long lasting taste.<\/p>\n<p>&nbsp;<\/p>\n<p><strong>Tasting advice<\/strong>\u00a0:<br \/>\nOf superior quality, it is drunk as a digestive to end a festive meal or with friends. It can also be enjoyed as an aperitif, after cooling the glass.<\/p>\n<p>&nbsp;<\/p>\n<p><em style=\"font-size: 11px; color: #2b8d9c;\"><img decoding=\"async\" loading=\"lazy\" class=\"alignnone wp-image-7658\" src=\"http:\/\/maxime-pinard.fr\/wp-content\/uploads\/2018\/11\/logo-enceinte.png\" alt=\"\" width=\"25\" height=\"25\" \/> <\/em><em style=\"font-size: 11px; color: #2b8d9c;\">Alcohol abuse is dangerous for your health, drink in moderation<\/em><\/p>\n<p>&nbsp;<\/p>\n<hr \/>\n<p>&nbsp;<\/p>\n<p><strong>All orders are made via an order form: <\/strong><\/p>\n<ul>\n<li><strong><a href=\"https:\/\/www.maxime-pinard.fr\/wp-content\/uploads\/2022\/08\/bon-de-commande-maxime-pinard.pdf\" target=\"_blank\" rel=\"noopener noreferrer\">Order form<\/a><\/strong><\/li>\n<li><strong><a href=\"https:\/\/www.maxime-pinard.fr\/wp-content\/uploads\/2022\/08\/instructions-de-commande.pdf\" target=\"_blank\" rel=\"noopener noreferrer\">Delivery instructions<\/a><\/strong><\/li>\n<\/ul>","protected":false},"featured_media":8191,"template":"","meta":{"_et_pb_use_builder":"on","_et_pb_old_content":"","_et_gb_content_width":""},"product_cat":[23,27],"product_tag":[],"yoast_head":"<!-- This site is optimized with the Yoast SEO plugin v21.1 - https:\/\/yoast.com\/wordpress\/plugins\/seo\/ -->\n<title>Cognac XO - GROUPE MAXIME PINARD<\/title>\n<meta name=\"robots\" content=\"index, follow, max-snippet:-1, max-image-preview:large, max-video-preview:-1\" \/>\n<link rel=\"canonical\" href=\"https:\/\/www.maxime-pinard.fr\/en\/product\/cognac-xo-oleron\/\" \/>\n<meta property=\"og:locale\" content=\"en_GB\" \/>\n<meta property=\"og:type\" content=\"article\" \/>\n<meta property=\"og:title\" content=\"Cognac XO - GROUPE MAXIME PINARD\" \/>\n<meta property=\"og:description\" content=\"Description : Ce cognac hors d\u02bc\u00e2ge est le fruit du travail et de l\u02bcexp\u00e9rience de plusieurs g\u00e9n\u00e9rations. Ses saveurs sont g\u00e9n\u00e9reuses avec une tr\u00e8s longue tenue en bouche.  &nbsp;  Conseils de d\u00e9gustation\u00a0: De qualit\u00e9 sup\u00e9rieure, il se boit en digestif pour clore un repas de f\u00eate ou entre amis. Il peut aussi \u00eatre savour\u00e9 tel quel, en ap\u00e9ritif, apr\u00e8s en avoir rafra\u00eechi le verre.  &nbsp;   L&#039;abus d&#039;alcool est dangereux pour la sant\u00e9, consommez avec mod\u00e9ration  &nbsp;    &nbsp;  Toute commande se fait via un bon de commande :    Bon de commande  Instructions de livraison\" \/>\n<meta property=\"og:url\" content=\"https:\/\/www.maxime-pinard.fr\/en\/product\/cognac-xo-oleron\/\" \/>\n<meta property=\"og:site_name\" content=\"GROUPE MAXIME PINARD\" \/>\n<meta property=\"article:publisher\" content=\"https:\/\/www.facebook.com\/VignobleMaximePinard\/\" \/>\n<meta property=\"article:modified_time\" content=\"2023-04-11T14:42:05+00:00\" \/>\n<meta property=\"og:image\" content=\"https:\/\/www.maxime-pinard.fr\/wp-content\/uploads\/2022\/08\/cognac-XO.png\" \/>\n\t<meta property=\"og:image:width\" content=\"570\" \/>\n\t<meta property=\"og:image:height\" content=\"570\" \/>\n\t<meta property=\"og:image:type\" content=\"image\/png\" \/>\n<meta name=\"twitter:card\" content=\"summary_large_image\" \/>\n<script type=\"application\/ld+json\" class=\"yoast-schema-graph\">{\"@context\":\"https:\/\/schema.org\",\"@graph\":[{\"@type\":\"WebPage\",\"@id\":\"https:\/\/www.maxime-pinard.fr\/produit\/cognac-xo-oleron\/\",\"url\":\"https:\/\/www.maxime-pinard.fr\/produit\/cognac-xo-oleron\/\",\"name\":\"Cognac XO - GROUPE MAXIME PINARD\",\"isPartOf\":{\"@id\":\"https:\/\/www.maxime-pinard.fr\/#website\"},\"datePublished\":\"2018-04-01T06:46:55+00:00\",\"dateModified\":\"2023-04-11T14:42:05+00:00\",\"breadcrumb\":{\"@id\":\"https:\/\/www.maxime-pinard.fr\/produit\/cognac-xo-oleron\/#breadcrumb\"},\"inLanguage\":\"en-GB\",\"potentialAction\":[{\"@type\":\"ReadAction\",\"target\":[\"https:\/\/www.maxime-pinard.fr\/produit\/cognac-xo-oleron\/\"]}]},{\"@type\":\"BreadcrumbList\",\"@id\":\"https:\/\/www.maxime-pinard.fr\/produit\/cognac-xo-oleron\/#breadcrumb\",\"itemListElement\":[{\"@type\":\"ListItem\",\"position\":1,\"name\":\"Produits\",\"item\":\"https:\/\/www.maxime-pinard.fr\/shop\/\"},{\"@type\":\"ListItem\",\"position\":2,\"name\":\"Cognac XO\"}]},{\"@type\":\"WebSite\",\"@id\":\"https:\/\/www.maxime-pinard.fr\/#website\",\"url\":\"https:\/\/www.maxime-pinard.fr\/\",\"name\":\"GROUPE MAXIME PINARD\",\"description\":\"Vignoble, caves, h\u00f4tels, g\u00eete et salle \u00e9v\u00e9nementielle\",\"publisher\":{\"@id\":\"https:\/\/www.maxime-pinard.fr\/#organization\"},\"potentialAction\":[{\"@type\":\"SearchAction\",\"target\":{\"@type\":\"EntryPoint\",\"urlTemplate\":\"https:\/\/www.maxime-pinard.fr\/?s={search_term_string}\"},\"query-input\":\"required name=search_term_string\"}],\"inLanguage\":\"en-GB\"},{\"@type\":\"Organization\",\"@id\":\"https:\/\/www.maxime-pinard.fr\/#organization\",\"name\":\"GROUPE MAXIME PINARD\",\"url\":\"https:\/\/www.maxime-pinard.fr\/\",\"logo\":{\"@type\":\"ImageObject\",\"inLanguage\":\"en-GB\",\"@id\":\"https:\/\/www.maxime-pinard.fr\/#\/schema\/logo\/image\/\",\"url\":\"https:\/\/www.maxime-pinard.fr\/wp-content\/uploads\/2022\/08\/Groupe-Pinard-exe.png\",\"contentUrl\":\"https:\/\/www.maxime-pinard.fr\/wp-content\/uploads\/2022\/08\/Groupe-Pinard-exe.png\",\"width\":1172,\"height\":411,\"caption\":\"GROUPE MAXIME PINARD\"},\"image\":{\"@id\":\"https:\/\/www.maxime-pinard.fr\/#\/schema\/logo\/image\/\"},\"sameAs\":[\"https:\/\/www.facebook.com\/VignobleMaximePinard\/\"]}]}<\/script>\n<!-- \/ Yoast SEO plugin. -->","yoast_head_json":{"title":"Cognac XO - GROUPE MAXIME PINARD","robots":{"index":"index","follow":"follow","max-snippet":"max-snippet:-1","max-image-preview":"max-image-preview:large","max-video-preview":"max-video-preview:-1"},"canonical":"https:\/\/www.maxime-pinard.fr\/en\/product\/cognac-xo-oleron\/","og_locale":"en_GB","og_type":"article","og_title":"Cognac XO - GROUPE MAXIME PINARD","og_description":"Description : Ce cognac hors d\u02bc\u00e2ge est le fruit du travail et de l\u02bcexp\u00e9rience de plusieurs g\u00e9n\u00e9rations. Ses saveurs sont g\u00e9n\u00e9reuses avec une tr\u00e8s longue tenue en bouche.  &nbsp;  Conseils de d\u00e9gustation\u00a0: De qualit\u00e9 sup\u00e9rieure, il se boit en digestif pour clore un repas de f\u00eate ou entre amis. Il peut aussi \u00eatre savour\u00e9 tel quel, en ap\u00e9ritif, apr\u00e8s en avoir rafra\u00eechi le verre.  &nbsp;   L'abus d'alcool est dangereux pour la sant\u00e9, consommez avec mod\u00e9ration  &nbsp;    &nbsp;  Toute commande se fait via un bon de commande :    Bon de commande  Instructions de livraison","og_url":"https:\/\/www.maxime-pinard.fr\/en\/product\/cognac-xo-oleron\/","og_site_name":"GROUPE MAXIME PINARD","article_publisher":"https:\/\/www.facebook.com\/VignobleMaximePinard\/","article_modified_time":"2023-04-11T14:42:05+00:00","og_image":[{"width":570,"height":570,"url":"https:\/\/www.maxime-pinard.fr\/wp-content\/uploads\/2022\/08\/cognac-XO.png","type":"image\/png"}],"twitter_card":"summary_large_image","schema":{"@context":"https:\/\/schema.org","@graph":[{"@type":"WebPage","@id":"https:\/\/www.maxime-pinard.fr\/produit\/cognac-xo-oleron\/","url":"https:\/\/www.maxime-pinard.fr\/produit\/cognac-xo-oleron\/","name":"Cognac XO - GROUPE MAXIME PINARD","isPartOf":{"@id":"https:\/\/www.maxime-pinard.fr\/#website"},"datePublished":"2018-04-01T06:46:55+00:00","dateModified":"2023-04-11T14:42:05+00:00","breadcrumb":{"@id":"https:\/\/www.maxime-pinard.fr\/produit\/cognac-xo-oleron\/#breadcrumb"},"inLanguage":"en-GB","potentialAction":[{"@type":"ReadAction","target":["https:\/\/www.maxime-pinard.fr\/produit\/cognac-xo-oleron\/"]}]},{"@type":"BreadcrumbList","@id":"https:\/\/www.maxime-pinard.fr\/produit\/cognac-xo-oleron\/#breadcrumb","itemListElement":[{"@type":"ListItem","position":1,"name":"Produits","item":"https:\/\/www.maxime-pinard.fr\/shop\/"},{"@type":"ListItem","position":2,"name":"Cognac XO"}]},{"@type":"WebSite","@id":"https:\/\/www.maxime-pinard.fr\/#website","url":"https:\/\/www.maxime-pinard.fr\/","name":"GROUPE MAXIME PINARD","description":"Vignoble, caves, h\u00f4tels, g\u00eete et salle \u00e9v\u00e9nementielle","publisher":{"@id":"https:\/\/www.maxime-pinard.fr\/#organization"},"potentialAction":[{"@type":"SearchAction","target":{"@type":"EntryPoint","urlTemplate":"https:\/\/www.maxime-pinard.fr\/?s={search_term_string}"},"query-input":"required name=search_term_string"}],"inLanguage":"en-GB"},{"@type":"Organization","@id":"https:\/\/www.maxime-pinard.fr\/#organization","name":"GROUPE MAXIME PINARD","url":"https:\/\/www.maxime-pinard.fr\/","logo":{"@type":"ImageObject","inLanguage":"en-GB","@id":"https:\/\/www.maxime-pinard.fr\/#\/schema\/logo\/image\/","url":"https:\/\/www.maxime-pinard.fr\/wp-content\/uploads\/2022\/08\/Groupe-Pinard-exe.png","contentUrl":"https:\/\/www.maxime-pinard.fr\/wp-content\/uploads\/2022\/08\/Groupe-Pinard-exe.png","width":1172,"height":411,"caption":"GROUPE MAXIME PINARD"},"image":{"@id":"https:\/\/www.maxime-pinard.fr\/#\/schema\/logo\/image\/"},"sameAs":["https:\/\/www.facebook.com\/VignobleMaximePinard\/"]}]}},"_links":{"self":[{"href":"https:\/\/www.maxime-pinard.fr\/en\/wp-json\/wp\/v2\/product\/4544"}],"collection":[{"href":"https:\/\/www.maxime-pinard.fr\/en\/wp-json\/wp\/v2\/product"}],"about":[{"href":"https:\/\/www.maxime-pinard.fr\/en\/wp-json\/wp\/v2\/types\/product"}],"wp:featuredmedia":[{"embeddable":true,"href":"https:\/\/www.maxime-pinard.fr\/en\/wp-json\/wp\/v2\/media\/8191"}],"wp:attachment":[{"href":"https:\/\/www.maxime-pinard.fr\/en\/wp-json\/wp\/v2\/media?parent=4544"}],"wp:term":[{"taxonomy":"product_cat","embeddable":true,"href":"https:\/\/www.maxime-pinard.fr\/en\/wp-json\/wp\/v2\/product_cat?post=4544"},{"taxonomy":"product_tag","embeddable":true,"href":"https:\/\/www.maxime-pinard.fr\/en\/wp-json\/wp\/v2\/product_tag?post=4544"}],"curies":[{"name":"wp","href":"https:\/\/api.w.org\/{rel}","templated":true}]}}