{"id":6350,"date":"2019-01-15T16:29:24","date_gmt":"2019-01-15T14:29:24","guid":{"rendered":"https:\/\/www.maxime-pinard.fr\/?post_type=product&#038;p=6350"},"modified":"2023-03-09T13:24:45","modified_gmt":"2023-03-09T11:24:45","slug":"vin-pays-blanc-chardonnay","status":"publish","type":"product","link":"https:\/\/www.maxime-pinard.fr\/en\/product\/vin-pays-blanc-chardonnay\/","title":{"rendered":"Vin de pays White Chardonnay"},"content":{"rendered":"<p>[et_pb_section fb_built=\"1\u2033 _builder_version=\"4.16\u2033 custom_padding=\"0px||||false|false \" global_colors_info=\"{} \"][et_pb_row _builder_version=\"4.16\u2033 background_size=\"initial \" background_position=\"top_left \" background_repeat=\"repeat \" width=\"100% \" custom_padding=\"0px||0px||false|false \" global_colors_info=\"{} \"][et_pb_column type=\"4_4\u2033 _builder_version=\"4.16\u2033 custom_padding=\"||| \" global_colors_info=\"{} \" custom_padding__hover=\"||| \"][et_pb_wc_breadcrumb _builder_version=\"4.16\u2033 global_colors_info=\"{} \"][\/et_pb_wc_breadcrumb][et_pb_wc_cart_notice _builder_version=\"4.16\u2033 global_colors_info=\"{} \"][\/et_pb_wc_cart_notice][\/et_pb_column][\/et_pb_row][et_pb_row _builder_version=\"4.16\u2033 background_size=\"initial \" background_position=\"top_left \" background_repeat=\"repeat \" width=\"100% \" custom_padding=\"0px||||false|false \" global_colors_info=\"{} \" column_structure=\"1_2,1_2\u2033][et_pb_column type=\"1_2\u2033 _builder_version=\"4.16\u2033 custom_padding=\"||| \" global_colors_info=\"{} \" custom_padding__hover=\"||| \"][et_pb_wc_images _builder_version=\"4.16\u2033 global_colors_info=\"{} \"][\/et_pb_wc_images][\/et_pb_column][et_pb_column type=\"1_2\u2033 _builder_version=\"4.16\u2033 custom_padding=\"||| \" global_colors_info=\"{} \" custom_padding__hover=\"||| \"][et_pb_wc_title _builder_version=\"4.16\u2033 global_colors_info=\"{} \"][\/et_pb_wc_title][et_pb_wc_rating _builder_version=\"4.16\u2033 global_colors_info=\"{} \"][\/et_pb_wc_rating][et_pb_wc_price _builder_version=\"4.16\u2033 global_colors_info=\"{} \"][\/et_pb_wc_price][et_pb_wc_description _builder_version=\"4.16\u2033 global_colors_info=\"{} \"][\/et_pb_wc_description][et_pb_wc_add_to_cart _builder_version=\"4.16\u2033 global_colors_info=\"{} \"][\/et_pb_wc_add_to_cart][et_pb_wc_meta _builder_version=\"4.16\u2033 global_colors_info=\"{} \"][\/et_pb_wc_meta][\/et_pb_column][\/et_pb_row][et_pb_row _builder_version=\"4.16\u2033 background_size=\"initial \" background_position=\"top_left \" background_repeat=\"repeat \" width=\"100% \" global_colors_info=\"{} \"][et_pb_column type=\"4_4\u2033 _builder_version=\"4.16\u2033 custom_padding=\"||| \" global_colors_info=\"{} \" custom_padding__hover=\"||| \"][et_pb_wc_tabs _builder_version=\"4.16\u2033 hover_enabled=\"0\u2033 global_colors_info=\"{} \" sticky_enabled=\"0\u2033] [\/et_pb_wc_tabs][et_pb_wc_upsells _builder_version=\"4.16\u2033 global_colors_info=\"{} \"][\/et_pb_wc_upsells][et_pb_wc_related_products _builder_version=\"4.16\u2033 hover_enabled=\"0\u2033 global_colors_info=\"{} \" sticky_enabled=\"0\u2033][\/et_pb_wc_related_products][\/et_pb_column][\/et_pb_row][\/et_pb_section]<\/p>","protected":false},"excerpt":{"rendered":"<p><strong>Description:<\/strong><br \/>\nThe white Chardonnay is a round and fruity wine.<\/p>\n<p>&nbsp;<\/p>\n<p><strong>Tasting advice:<\/strong><br \/>\nIt goes wonderfully well with fish in sauce, seafood including scallops, scampi as well as goat's cheese and poultry.<\/p>\n<p>&nbsp;<\/p>\n<p><em style=\"font-size: 11px; color: #2b8d9c;\"><img decoding=\"async\" loading=\"lazy\" class=\"alignnone wp-image-7658\" src=\"http:\/\/maxime-pinard.fr\/wp-content\/uploads\/2018\/11\/logo-enceinte.png\" alt=\"\" width=\"25\" height=\"25\" \/> <\/em><em style=\"font-size: 11px; color: #2b8d9c;\">Alcohol abuse is dangerous for your health, drink in moderation<\/em><\/p>\n<p>&nbsp;<\/p>\n<hr \/>\n<p>&nbsp;<\/p>\n<p><strong>All orders are made via an order form: <\/strong><\/p>\n<ul>\n<li><strong><a href=\"https:\/\/www.maxime-pinard.fr\/wp-content\/uploads\/2022\/08\/bon-de-commande-maxime-pinard.pdf\" target=\"_blank\" rel=\"noopener noreferrer\">Order form<\/a><\/strong><\/li>\n<li><strong><a href=\"https:\/\/www.maxime-pinard.fr\/wp-content\/uploads\/2022\/08\/instructions-de-commande.pdf\" target=\"_blank\" rel=\"noopener noreferrer\">Delivery instructions<\/a><\/strong><\/li>\n<\/ul>","protected":false},"featured_media":8197,"template":"","meta":{"_et_pb_use_builder":"on","_et_pb_old_content":"","_et_gb_content_width":""},"product_cat":[27,21],"product_tag":[],"yoast_head":"<!-- This site is optimized with the Yoast SEO plugin v21.1 - https:\/\/yoast.com\/wordpress\/plugins\/seo\/ -->\n<title>Vin de pays Blanc Chardonnay - GROUPE MAXIME PINARD<\/title>\n<meta name=\"robots\" content=\"index, follow, max-snippet:-1, max-image-preview:large, max-video-preview:-1\" \/>\n<link rel=\"canonical\" href=\"https:\/\/www.maxime-pinard.fr\/en\/product\/vin-pays-blanc-chardonnay\/\" \/>\n<meta property=\"og:locale\" content=\"en_GB\" \/>\n<meta property=\"og:type\" content=\"article\" \/>\n<meta property=\"og:title\" content=\"Vin de pays Blanc Chardonnay - GROUPE MAXIME PINARD\" \/>\n<meta property=\"og:description\" content=\"Description : Le vin de pays blanc Chardonnay est un vin rond et fruit\u00e9.  &nbsp;  Conseils de d\u00e9gustation : Il accompagne merveilleusement bien les poissons en sauce, les fruits de mer notamment les coquilles Saint-Jacques, les langoustines ainsi que le fromage de ch\u00e8vre et la volaille.  &nbsp;   L&#039;abus d&#039;alcool est dangereux pour la sant\u00e9, consommez avec mod\u00e9ration  &nbsp;    &nbsp;  Toute commande se fait via un bon de commande :    Bon de commande  Instructions de livraison\" \/>\n<meta property=\"og:url\" content=\"https:\/\/www.maxime-pinard.fr\/en\/product\/vin-pays-blanc-chardonnay\/\" \/>\n<meta property=\"og:site_name\" content=\"GROUPE MAXIME PINARD\" \/>\n<meta property=\"article:publisher\" content=\"https:\/\/www.facebook.com\/VignobleMaximePinard\/\" \/>\n<meta property=\"article:modified_time\" content=\"2023-03-09T11:24:45+00:00\" \/>\n<meta property=\"og:image\" content=\"https:\/\/www.maxime-pinard.fr\/wp-content\/uploads\/2022\/08\/cuvee-maxime-pinard-vin-blanc-chardonnay.png\" \/>\n\t<meta property=\"og:image:width\" content=\"570\" \/>\n\t<meta property=\"og:image:height\" content=\"570\" \/>\n\t<meta property=\"og:image:type\" content=\"image\/png\" \/>\n<meta name=\"twitter:card\" content=\"summary_large_image\" \/>\n<script type=\"application\/ld+json\" class=\"yoast-schema-graph\">{\"@context\":\"https:\/\/schema.org\",\"@graph\":[{\"@type\":\"WebPage\",\"@id\":\"https:\/\/www.maxime-pinard.fr\/produit\/vin-pays-blanc-chardonnay\/\",\"url\":\"https:\/\/www.maxime-pinard.fr\/produit\/vin-pays-blanc-chardonnay\/\",\"name\":\"Vin de pays Blanc Chardonnay - GROUPE MAXIME PINARD\",\"isPartOf\":{\"@id\":\"https:\/\/www.maxime-pinard.fr\/#website\"},\"datePublished\":\"2019-01-15T14:29:24+00:00\",\"dateModified\":\"2023-03-09T11:24:45+00:00\",\"breadcrumb\":{\"@id\":\"https:\/\/www.maxime-pinard.fr\/produit\/vin-pays-blanc-chardonnay\/#breadcrumb\"},\"inLanguage\":\"en-GB\",\"potentialAction\":[{\"@type\":\"ReadAction\",\"target\":[\"https:\/\/www.maxime-pinard.fr\/produit\/vin-pays-blanc-chardonnay\/\"]}]},{\"@type\":\"BreadcrumbList\",\"@id\":\"https:\/\/www.maxime-pinard.fr\/produit\/vin-pays-blanc-chardonnay\/#breadcrumb\",\"itemListElement\":[{\"@type\":\"ListItem\",\"position\":1,\"name\":\"Produits\",\"item\":\"https:\/\/www.maxime-pinard.fr\/shop\/\"},{\"@type\":\"ListItem\",\"position\":2,\"name\":\"Vin de pays Blanc Chardonnay\"}]},{\"@type\":\"WebSite\",\"@id\":\"https:\/\/www.maxime-pinard.fr\/#website\",\"url\":\"https:\/\/www.maxime-pinard.fr\/\",\"name\":\"GROUPE MAXIME PINARD\",\"description\":\"Vignoble, caves, h\u00f4tels, g\u00eete et salle \u00e9v\u00e9nementielle\",\"publisher\":{\"@id\":\"https:\/\/www.maxime-pinard.fr\/#organization\"},\"potentialAction\":[{\"@type\":\"SearchAction\",\"target\":{\"@type\":\"EntryPoint\",\"urlTemplate\":\"https:\/\/www.maxime-pinard.fr\/?s={search_term_string}\"},\"query-input\":\"required name=search_term_string\"}],\"inLanguage\":\"en-GB\"},{\"@type\":\"Organization\",\"@id\":\"https:\/\/www.maxime-pinard.fr\/#organization\",\"name\":\"GROUPE MAXIME PINARD\",\"url\":\"https:\/\/www.maxime-pinard.fr\/\",\"logo\":{\"@type\":\"ImageObject\",\"inLanguage\":\"en-GB\",\"@id\":\"https:\/\/www.maxime-pinard.fr\/#\/schema\/logo\/image\/\",\"url\":\"https:\/\/www.maxime-pinard.fr\/wp-content\/uploads\/2022\/08\/Groupe-Pinard-exe.png\",\"contentUrl\":\"https:\/\/www.maxime-pinard.fr\/wp-content\/uploads\/2022\/08\/Groupe-Pinard-exe.png\",\"width\":1172,\"height\":411,\"caption\":\"GROUPE MAXIME PINARD\"},\"image\":{\"@id\":\"https:\/\/www.maxime-pinard.fr\/#\/schema\/logo\/image\/\"},\"sameAs\":[\"https:\/\/www.facebook.com\/VignobleMaximePinard\/\"]}]}<\/script>\n<!-- \/ Yoast SEO plugin. -->","yoast_head_json":{"title":"Vin de pays Blanc Chardonnay - GROUPE MAXIME PINARD","robots":{"index":"index","follow":"follow","max-snippet":"max-snippet:-1","max-image-preview":"max-image-preview:large","max-video-preview":"max-video-preview:-1"},"canonical":"https:\/\/www.maxime-pinard.fr\/en\/product\/vin-pays-blanc-chardonnay\/","og_locale":"en_GB","og_type":"article","og_title":"Vin de pays Blanc Chardonnay - GROUPE MAXIME PINARD","og_description":"Description : Le vin de pays blanc Chardonnay est un vin rond et fruit\u00e9.  &nbsp;  Conseils de d\u00e9gustation : Il accompagne merveilleusement bien les poissons en sauce, les fruits de mer notamment les coquilles Saint-Jacques, les langoustines ainsi que le fromage de ch\u00e8vre et la volaille.  &nbsp;   L'abus d'alcool est dangereux pour la sant\u00e9, consommez avec mod\u00e9ration  &nbsp;    &nbsp;  Toute commande se fait via un bon de commande :    Bon de commande  Instructions de livraison","og_url":"https:\/\/www.maxime-pinard.fr\/en\/product\/vin-pays-blanc-chardonnay\/","og_site_name":"GROUPE MAXIME PINARD","article_publisher":"https:\/\/www.facebook.com\/VignobleMaximePinard\/","article_modified_time":"2023-03-09T11:24:45+00:00","og_image":[{"width":570,"height":570,"url":"https:\/\/www.maxime-pinard.fr\/wp-content\/uploads\/2022\/08\/cuvee-maxime-pinard-vin-blanc-chardonnay.png","type":"image\/png"}],"twitter_card":"summary_large_image","schema":{"@context":"https:\/\/schema.org","@graph":[{"@type":"WebPage","@id":"https:\/\/www.maxime-pinard.fr\/produit\/vin-pays-blanc-chardonnay\/","url":"https:\/\/www.maxime-pinard.fr\/produit\/vin-pays-blanc-chardonnay\/","name":"Vin de pays Blanc Chardonnay - GROUPE MAXIME PINARD","isPartOf":{"@id":"https:\/\/www.maxime-pinard.fr\/#website"},"datePublished":"2019-01-15T14:29:24+00:00","dateModified":"2023-03-09T11:24:45+00:00","breadcrumb":{"@id":"https:\/\/www.maxime-pinard.fr\/produit\/vin-pays-blanc-chardonnay\/#breadcrumb"},"inLanguage":"en-GB","potentialAction":[{"@type":"ReadAction","target":["https:\/\/www.maxime-pinard.fr\/produit\/vin-pays-blanc-chardonnay\/"]}]},{"@type":"BreadcrumbList","@id":"https:\/\/www.maxime-pinard.fr\/produit\/vin-pays-blanc-chardonnay\/#breadcrumb","itemListElement":[{"@type":"ListItem","position":1,"name":"Produits","item":"https:\/\/www.maxime-pinard.fr\/shop\/"},{"@type":"ListItem","position":2,"name":"Vin de pays Blanc Chardonnay"}]},{"@type":"WebSite","@id":"https:\/\/www.maxime-pinard.fr\/#website","url":"https:\/\/www.maxime-pinard.fr\/","name":"GROUPE MAXIME PINARD","description":"Vignoble, caves, h\u00f4tels, g\u00eete et salle \u00e9v\u00e9nementielle","publisher":{"@id":"https:\/\/www.maxime-pinard.fr\/#organization"},"potentialAction":[{"@type":"SearchAction","target":{"@type":"EntryPoint","urlTemplate":"https:\/\/www.maxime-pinard.fr\/?s={search_term_string}"},"query-input":"required name=search_term_string"}],"inLanguage":"en-GB"},{"@type":"Organization","@id":"https:\/\/www.maxime-pinard.fr\/#organization","name":"GROUPE MAXIME PINARD","url":"https:\/\/www.maxime-pinard.fr\/","logo":{"@type":"ImageObject","inLanguage":"en-GB","@id":"https:\/\/www.maxime-pinard.fr\/#\/schema\/logo\/image\/","url":"https:\/\/www.maxime-pinard.fr\/wp-content\/uploads\/2022\/08\/Groupe-Pinard-exe.png","contentUrl":"https:\/\/www.maxime-pinard.fr\/wp-content\/uploads\/2022\/08\/Groupe-Pinard-exe.png","width":1172,"height":411,"caption":"GROUPE MAXIME PINARD"},"image":{"@id":"https:\/\/www.maxime-pinard.fr\/#\/schema\/logo\/image\/"},"sameAs":["https:\/\/www.facebook.com\/VignobleMaximePinard\/"]}]}},"_links":{"self":[{"href":"https:\/\/www.maxime-pinard.fr\/en\/wp-json\/wp\/v2\/product\/6350"}],"collection":[{"href":"https:\/\/www.maxime-pinard.fr\/en\/wp-json\/wp\/v2\/product"}],"about":[{"href":"https:\/\/www.maxime-pinard.fr\/en\/wp-json\/wp\/v2\/types\/product"}],"wp:featuredmedia":[{"embeddable":true,"href":"https:\/\/www.maxime-pinard.fr\/en\/wp-json\/wp\/v2\/media\/8197"}],"wp:attachment":[{"href":"https:\/\/www.maxime-pinard.fr\/en\/wp-json\/wp\/v2\/media?parent=6350"}],"wp:term":[{"taxonomy":"product_cat","embeddable":true,"href":"https:\/\/www.maxime-pinard.fr\/en\/wp-json\/wp\/v2\/product_cat?post=6350"},{"taxonomy":"product_tag","embeddable":true,"href":"https:\/\/www.maxime-pinard.fr\/en\/wp-json\/wp\/v2\/product_tag?post=6350"}],"curies":[{"name":"wp","href":"https:\/\/api.w.org\/{rel}","templated":true}]}}