{"id":6387,"date":"2018-10-01T17:36:17","date_gmt":"2018-10-01T15:36:17","guid":{"rendered":"https:\/\/www.maxime-pinard.fr\/?post_type=product&#038;p=6387"},"modified":"2022-08-30T20:29:37","modified_gmt":"2022-08-30T18:29:37","slug":"vieux-pineau-blanc-75cl","status":"publish","type":"product","link":"https:\/\/www.maxime-pinard.fr\/en\/product\/vieux-pineau-blanc-75cl\/","title":{"rendered":"Old white Pineau 75cl"},"content":{"rendered":"","protected":false},"excerpt":{"rendered":"<p><strong>Description:<\/strong><br \/>\nIt is a white pineau aged for many years in oak barrels, which gives it a wider range of aromas such as candied fruits, rancio. It is soft and rounded.<\/p>\n<p>&nbsp;<\/p>\n<p><strong>Tasting advice:<\/strong><br \/>\nIt can be drunk chilled as an aperitif, and will be worthy of a foie gras, as well as a flaky dessert, but always for a special occasion.<\/p>\n<p>&nbsp;<\/p>\n<p><em style=\"font-size: 11px; color: #2b8d9c;\"><img decoding=\"async\" loading=\"lazy\" class=\"alignnone wp-image-7658\" src=\"http:\/\/maxime-pinard.fr\/wp-content\/uploads\/2018\/11\/logo-enceinte.png\" alt=\"\" width=\"25\" height=\"25\" \/> <\/em><em style=\"font-size: 11px; color: #2b8d9c;\">Alcohol abuse is dangerous for your health, drink in moderation<\/em><\/p>\n<p>&nbsp;<\/p>\n<hr \/>\n<p>&nbsp;<\/p>\n<p><strong>All orders are made via an order form: <\/strong><\/p>\n<ul>\n<li><strong><a href=\"https:\/\/www.maxime-pinard.fr\/wp-content\/uploads\/2022\/08\/bon-de-commande-maxime-pinard.pdf\" target=\"_blank\" rel=\"noopener noreferrer\">Order form<\/a><\/strong><\/li>\n<li><strong><a href=\"https:\/\/www.maxime-pinard.fr\/wp-content\/uploads\/2022\/08\/instructions-de-commande.pdf\" target=\"_blank\" rel=\"noopener noreferrer\">Delivery instructions<\/a><\/strong><\/li>\n<\/ul>","protected":false},"featured_media":8204,"template":"","meta":{"_et_pb_use_builder":"","_et_pb_old_content":"","_et_gb_content_width":""},"product_cat":[22,27],"product_tag":[],"yoast_head":"<!-- This site is optimized with the Yoast SEO plugin v21.1 - https:\/\/yoast.com\/wordpress\/plugins\/seo\/ -->\n<title>Vieux Pineau blanc 75cl - GROUPE MAXIME PINARD<\/title>\n<meta name=\"robots\" content=\"index, follow, max-snippet:-1, max-image-preview:large, max-video-preview:-1\" \/>\n<link rel=\"canonical\" href=\"https:\/\/www.maxime-pinard.fr\/en\/product\/vieux-pineau-blanc-75cl\/\" \/>\n<meta property=\"og:locale\" content=\"en_GB\" \/>\n<meta property=\"og:type\" content=\"article\" \/>\n<meta property=\"og:title\" content=\"Vieux Pineau blanc 75cl - GROUPE MAXIME PINARD\" \/>\n<meta property=\"og:description\" content=\"Description : C\u02bcest un pineau blanc \u00e9lev\u00e9 de nombreuses ann\u00e9es en f\u00fbt de ch\u00eane, ce qui lui apporte une palette d\u02bcar\u00f4me plus large comme les fruits confits, le rancio. Il est doux et arrondi.  &nbsp;  Conseils de d\u00e9gustation : Il se boit frais en ap\u00e9ritif, et sera digne d\u02bcun foie gras , comme d\u02bcun dessert feuillet\u00e9, mais toujours pour une grande occasion.  &nbsp;   L&#039;abus d&#039;alcool est dangereux pour la sant\u00e9, consommez avec mod\u00e9ration  &nbsp;    &nbsp;  Toute commande se fait via un bon de commande :    Bon de commande  Instructions de livraison\" \/>\n<meta property=\"og:url\" content=\"https:\/\/www.maxime-pinard.fr\/en\/product\/vieux-pineau-blanc-75cl\/\" \/>\n<meta property=\"og:site_name\" content=\"GROUPE MAXIME PINARD\" \/>\n<meta property=\"article:publisher\" content=\"https:\/\/www.facebook.com\/VignobleMaximePinard\/\" \/>\n<meta property=\"article:modified_time\" content=\"2022-08-30T18:29:37+00:00\" \/>\n<meta property=\"og:image\" content=\"https:\/\/www.maxime-pinard.fr\/wp-content\/uploads\/2022\/08\/vieux-pineau-1.png\" \/>\n\t<meta property=\"og:image:width\" content=\"570\" \/>\n\t<meta property=\"og:image:height\" content=\"570\" \/>\n\t<meta property=\"og:image:type\" content=\"image\/png\" \/>\n<meta name=\"twitter:card\" content=\"summary_large_image\" \/>\n<script type=\"application\/ld+json\" class=\"yoast-schema-graph\">{\"@context\":\"https:\/\/schema.org\",\"@graph\":[{\"@type\":\"WebPage\",\"@id\":\"https:\/\/www.maxime-pinard.fr\/produit\/vieux-pineau-blanc-75cl\/\",\"url\":\"https:\/\/www.maxime-pinard.fr\/produit\/vieux-pineau-blanc-75cl\/\",\"name\":\"Vieux Pineau blanc 75cl - GROUPE MAXIME PINARD\",\"isPartOf\":{\"@id\":\"https:\/\/www.maxime-pinard.fr\/#website\"},\"datePublished\":\"2018-10-01T15:36:17+00:00\",\"dateModified\":\"2022-08-30T18:29:37+00:00\",\"breadcrumb\":{\"@id\":\"https:\/\/www.maxime-pinard.fr\/produit\/vieux-pineau-blanc-75cl\/#breadcrumb\"},\"inLanguage\":\"en-GB\",\"potentialAction\":[{\"@type\":\"ReadAction\",\"target\":[\"https:\/\/www.maxime-pinard.fr\/produit\/vieux-pineau-blanc-75cl\/\"]}]},{\"@type\":\"BreadcrumbList\",\"@id\":\"https:\/\/www.maxime-pinard.fr\/produit\/vieux-pineau-blanc-75cl\/#breadcrumb\",\"itemListElement\":[{\"@type\":\"ListItem\",\"position\":1,\"name\":\"Produits\",\"item\":\"https:\/\/www.maxime-pinard.fr\/shop\/\"},{\"@type\":\"ListItem\",\"position\":2,\"name\":\"Vieux Pineau blanc 75cl\"}]},{\"@type\":\"WebSite\",\"@id\":\"https:\/\/www.maxime-pinard.fr\/#website\",\"url\":\"https:\/\/www.maxime-pinard.fr\/\",\"name\":\"GROUPE MAXIME PINARD\",\"description\":\"Vignoble, caves, h\u00f4tels, g\u00eete et salle \u00e9v\u00e9nementielle\",\"publisher\":{\"@id\":\"https:\/\/www.maxime-pinard.fr\/#organization\"},\"potentialAction\":[{\"@type\":\"SearchAction\",\"target\":{\"@type\":\"EntryPoint\",\"urlTemplate\":\"https:\/\/www.maxime-pinard.fr\/?s={search_term_string}\"},\"query-input\":\"required name=search_term_string\"}],\"inLanguage\":\"en-GB\"},{\"@type\":\"Organization\",\"@id\":\"https:\/\/www.maxime-pinard.fr\/#organization\",\"name\":\"GROUPE MAXIME PINARD\",\"url\":\"https:\/\/www.maxime-pinard.fr\/\",\"logo\":{\"@type\":\"ImageObject\",\"inLanguage\":\"en-GB\",\"@id\":\"https:\/\/www.maxime-pinard.fr\/#\/schema\/logo\/image\/\",\"url\":\"https:\/\/www.maxime-pinard.fr\/wp-content\/uploads\/2022\/08\/Groupe-Pinard-exe.png\",\"contentUrl\":\"https:\/\/www.maxime-pinard.fr\/wp-content\/uploads\/2022\/08\/Groupe-Pinard-exe.png\",\"width\":1172,\"height\":411,\"caption\":\"GROUPE MAXIME PINARD\"},\"image\":{\"@id\":\"https:\/\/www.maxime-pinard.fr\/#\/schema\/logo\/image\/\"},\"sameAs\":[\"https:\/\/www.facebook.com\/VignobleMaximePinard\/\"]}]}<\/script>\n<!-- \/ Yoast SEO plugin. -->","yoast_head_json":{"title":"Vieux Pineau blanc 75cl - GROUPE MAXIME PINARD","robots":{"index":"index","follow":"follow","max-snippet":"max-snippet:-1","max-image-preview":"max-image-preview:large","max-video-preview":"max-video-preview:-1"},"canonical":"https:\/\/www.maxime-pinard.fr\/en\/product\/vieux-pineau-blanc-75cl\/","og_locale":"en_GB","og_type":"article","og_title":"Vieux Pineau blanc 75cl - GROUPE MAXIME PINARD","og_description":"Description : C\u02bcest un pineau blanc \u00e9lev\u00e9 de nombreuses ann\u00e9es en f\u00fbt de ch\u00eane, ce qui lui apporte une palette d\u02bcar\u00f4me plus large comme les fruits confits, le rancio. Il est doux et arrondi.  &nbsp;  Conseils de d\u00e9gustation : Il se boit frais en ap\u00e9ritif, et sera digne d\u02bcun foie gras , comme d\u02bcun dessert feuillet\u00e9, mais toujours pour une grande occasion.  &nbsp;   L'abus d'alcool est dangereux pour la sant\u00e9, consommez avec mod\u00e9ration  &nbsp;    &nbsp;  Toute commande se fait via un bon de commande :    Bon de commande  Instructions de livraison","og_url":"https:\/\/www.maxime-pinard.fr\/en\/product\/vieux-pineau-blanc-75cl\/","og_site_name":"GROUPE MAXIME PINARD","article_publisher":"https:\/\/www.facebook.com\/VignobleMaximePinard\/","article_modified_time":"2022-08-30T18:29:37+00:00","og_image":[{"width":570,"height":570,"url":"https:\/\/www.maxime-pinard.fr\/wp-content\/uploads\/2022\/08\/vieux-pineau-1.png","type":"image\/png"}],"twitter_card":"summary_large_image","schema":{"@context":"https:\/\/schema.org","@graph":[{"@type":"WebPage","@id":"https:\/\/www.maxime-pinard.fr\/produit\/vieux-pineau-blanc-75cl\/","url":"https:\/\/www.maxime-pinard.fr\/produit\/vieux-pineau-blanc-75cl\/","name":"Vieux Pineau blanc 75cl - GROUPE MAXIME PINARD","isPartOf":{"@id":"https:\/\/www.maxime-pinard.fr\/#website"},"datePublished":"2018-10-01T15:36:17+00:00","dateModified":"2022-08-30T18:29:37+00:00","breadcrumb":{"@id":"https:\/\/www.maxime-pinard.fr\/produit\/vieux-pineau-blanc-75cl\/#breadcrumb"},"inLanguage":"en-GB","potentialAction":[{"@type":"ReadAction","target":["https:\/\/www.maxime-pinard.fr\/produit\/vieux-pineau-blanc-75cl\/"]}]},{"@type":"BreadcrumbList","@id":"https:\/\/www.maxime-pinard.fr\/produit\/vieux-pineau-blanc-75cl\/#breadcrumb","itemListElement":[{"@type":"ListItem","position":1,"name":"Produits","item":"https:\/\/www.maxime-pinard.fr\/shop\/"},{"@type":"ListItem","position":2,"name":"Vieux Pineau blanc 75cl"}]},{"@type":"WebSite","@id":"https:\/\/www.maxime-pinard.fr\/#website","url":"https:\/\/www.maxime-pinard.fr\/","name":"GROUPE MAXIME PINARD","description":"Vignoble, caves, h\u00f4tels, g\u00eete et salle \u00e9v\u00e9nementielle","publisher":{"@id":"https:\/\/www.maxime-pinard.fr\/#organization"},"potentialAction":[{"@type":"SearchAction","target":{"@type":"EntryPoint","urlTemplate":"https:\/\/www.maxime-pinard.fr\/?s={search_term_string}"},"query-input":"required name=search_term_string"}],"inLanguage":"en-GB"},{"@type":"Organization","@id":"https:\/\/www.maxime-pinard.fr\/#organization","name":"GROUPE MAXIME PINARD","url":"https:\/\/www.maxime-pinard.fr\/","logo":{"@type":"ImageObject","inLanguage":"en-GB","@id":"https:\/\/www.maxime-pinard.fr\/#\/schema\/logo\/image\/","url":"https:\/\/www.maxime-pinard.fr\/wp-content\/uploads\/2022\/08\/Groupe-Pinard-exe.png","contentUrl":"https:\/\/www.maxime-pinard.fr\/wp-content\/uploads\/2022\/08\/Groupe-Pinard-exe.png","width":1172,"height":411,"caption":"GROUPE MAXIME PINARD"},"image":{"@id":"https:\/\/www.maxime-pinard.fr\/#\/schema\/logo\/image\/"},"sameAs":["https:\/\/www.facebook.com\/VignobleMaximePinard\/"]}]}},"_links":{"self":[{"href":"https:\/\/www.maxime-pinard.fr\/en\/wp-json\/wp\/v2\/product\/6387"}],"collection":[{"href":"https:\/\/www.maxime-pinard.fr\/en\/wp-json\/wp\/v2\/product"}],"about":[{"href":"https:\/\/www.maxime-pinard.fr\/en\/wp-json\/wp\/v2\/types\/product"}],"wp:featuredmedia":[{"embeddable":true,"href":"https:\/\/www.maxime-pinard.fr\/en\/wp-json\/wp\/v2\/media\/8204"}],"wp:attachment":[{"href":"https:\/\/www.maxime-pinard.fr\/en\/wp-json\/wp\/v2\/media?parent=6387"}],"wp:term":[{"taxonomy":"product_cat","embeddable":true,"href":"https:\/\/www.maxime-pinard.fr\/en\/wp-json\/wp\/v2\/product_cat?post=6387"},{"taxonomy":"product_tag","embeddable":true,"href":"https:\/\/www.maxime-pinard.fr\/en\/wp-json\/wp\/v2\/product_tag?post=6387"}],"curies":[{"name":"wp","href":"https:\/\/api.w.org\/{rel}","templated":true}]}}