{"id":7631,"date":"2017-04-01T10:36:44","date_gmt":"2017-04-01T08:36:44","guid":{"rendered":"https:\/\/www.maxime-pinard.fr\/?post_type=product&#038;p=7631"},"modified":"2022-08-18T13:13:28","modified_gmt":"2022-08-18T11:13:28","slug":"confiture-ananas-vanille","status":"publish","type":"product","link":"https:\/\/www.maxime-pinard.fr\/en\/product\/confiture-ananas-vanille\/","title":{"rendered":"Pineapple and Vanilla Jam"},"content":{"rendered":"","protected":false},"excerpt":{"rendered":"<p><strong>Description:<\/strong><br \/>\nPineapple and Vanilla extra jam. Aurore &amp; Caroline jams are home-made by Isabelle Pinard.<\/p>\n<p>&nbsp;<\/p>\n<hr \/>\n<p>&nbsp;<\/p>\n<p>This product is only available in our cellars in La Br\u00e9e-les-Bains and Saint-Pierre d'Ol\u00e9ron.<\/p>\n<p><a href=\"https:\/\/www.maxime-pinard.fr\/en\/product-category\/vente-a-distance\/\">See the products available for distance selling.<\/a><\/p>","protected":false},"featured_media":8209,"template":"","meta":{"_et_pb_use_builder":"","_et_pb_old_content":"","_et_gb_content_width":""},"product_cat":[28,26],"product_tag":[],"yoast_head":"<!-- This site is optimized with the Yoast SEO plugin v21.1 - https:\/\/yoast.com\/wordpress\/plugins\/seo\/ -->\n<title>Confiture d&#039;Ananas et Vanille - GROUPE MAXIME PINARD<\/title>\n<meta name=\"robots\" content=\"index, follow, max-snippet:-1, max-image-preview:large, max-video-preview:-1\" \/>\n<link rel=\"canonical\" href=\"https:\/\/www.maxime-pinard.fr\/en\/product\/confiture-ananas-vanille\/\" \/>\n<meta property=\"og:locale\" content=\"en_GB\" \/>\n<meta property=\"og:type\" content=\"article\" \/>\n<meta property=\"og:title\" content=\"Confiture d&#039;Ananas et Vanille - GROUPE MAXIME PINARD\" \/>\n<meta property=\"og:description\" content=\"Description : Confiture extra d&#039;Ananas et de Vanille. Les confitures Aurore &amp; Caroline sont faites maison par Isabelle Pinard.  &nbsp;    &nbsp;  Ce produit n&#039;est disponible que dans nos caves de La Br\u00e9e-les-Bains et de Saint-Pierre d&#039;Ol\u00e9ron.  Voir les produits disponibles \u00e0 la vente \u00e0 distance.\" \/>\n<meta property=\"og:url\" content=\"https:\/\/www.maxime-pinard.fr\/en\/product\/confiture-ananas-vanille\/\" \/>\n<meta property=\"og:site_name\" content=\"GROUPE MAXIME PINARD\" \/>\n<meta property=\"article:publisher\" content=\"https:\/\/www.facebook.com\/VignobleMaximePinard\/\" \/>\n<meta property=\"article:modified_time\" content=\"2022-08-18T11:13:28+00:00\" \/>\n<meta property=\"og:image\" content=\"https:\/\/www.maxime-pinard.fr\/wp-content\/uploads\/2022\/08\/confiture-ananas-vanille-tahiti-oleron.jpg\" \/>\n\t<meta property=\"og:image:width\" content=\"570\" \/>\n\t<meta property=\"og:image:height\" content=\"570\" \/>\n\t<meta property=\"og:image:type\" content=\"image\/jpeg\" \/>\n<meta name=\"twitter:card\" content=\"summary_large_image\" \/>\n<script type=\"application\/ld+json\" class=\"yoast-schema-graph\">{\"@context\":\"https:\/\/schema.org\",\"@graph\":[{\"@type\":\"WebPage\",\"@id\":\"https:\/\/www.maxime-pinard.fr\/produit\/confiture-ananas-vanille\/\",\"url\":\"https:\/\/www.maxime-pinard.fr\/produit\/confiture-ananas-vanille\/\",\"name\":\"Confiture d'Ananas et Vanille - GROUPE MAXIME PINARD\",\"isPartOf\":{\"@id\":\"https:\/\/www.maxime-pinard.fr\/#website\"},\"datePublished\":\"2017-04-01T08:36:44+00:00\",\"dateModified\":\"2022-08-18T11:13:28+00:00\",\"breadcrumb\":{\"@id\":\"https:\/\/www.maxime-pinard.fr\/produit\/confiture-ananas-vanille\/#breadcrumb\"},\"inLanguage\":\"en-GB\",\"potentialAction\":[{\"@type\":\"ReadAction\",\"target\":[\"https:\/\/www.maxime-pinard.fr\/produit\/confiture-ananas-vanille\/\"]}]},{\"@type\":\"BreadcrumbList\",\"@id\":\"https:\/\/www.maxime-pinard.fr\/produit\/confiture-ananas-vanille\/#breadcrumb\",\"itemListElement\":[{\"@type\":\"ListItem\",\"position\":1,\"name\":\"Produits\",\"item\":\"https:\/\/www.maxime-pinard.fr\/shop\/\"},{\"@type\":\"ListItem\",\"position\":2,\"name\":\"Confiture d&rsquo;Ananas et Vanille\"}]},{\"@type\":\"WebSite\",\"@id\":\"https:\/\/www.maxime-pinard.fr\/#website\",\"url\":\"https:\/\/www.maxime-pinard.fr\/\",\"name\":\"GROUPE MAXIME PINARD\",\"description\":\"Vignoble, caves, h\u00f4tels, g\u00eete et salle \u00e9v\u00e9nementielle\",\"publisher\":{\"@id\":\"https:\/\/www.maxime-pinard.fr\/#organization\"},\"potentialAction\":[{\"@type\":\"SearchAction\",\"target\":{\"@type\":\"EntryPoint\",\"urlTemplate\":\"https:\/\/www.maxime-pinard.fr\/?s={search_term_string}\"},\"query-input\":\"required name=search_term_string\"}],\"inLanguage\":\"en-GB\"},{\"@type\":\"Organization\",\"@id\":\"https:\/\/www.maxime-pinard.fr\/#organization\",\"name\":\"GROUPE MAXIME PINARD\",\"url\":\"https:\/\/www.maxime-pinard.fr\/\",\"logo\":{\"@type\":\"ImageObject\",\"inLanguage\":\"en-GB\",\"@id\":\"https:\/\/www.maxime-pinard.fr\/#\/schema\/logo\/image\/\",\"url\":\"https:\/\/www.maxime-pinard.fr\/wp-content\/uploads\/2022\/08\/Groupe-Pinard-exe.png\",\"contentUrl\":\"https:\/\/www.maxime-pinard.fr\/wp-content\/uploads\/2022\/08\/Groupe-Pinard-exe.png\",\"width\":1172,\"height\":411,\"caption\":\"GROUPE MAXIME PINARD\"},\"image\":{\"@id\":\"https:\/\/www.maxime-pinard.fr\/#\/schema\/logo\/image\/\"},\"sameAs\":[\"https:\/\/www.facebook.com\/VignobleMaximePinard\/\"]}]}<\/script>\n<!-- \/ Yoast SEO plugin. -->","yoast_head_json":{"title":"Confiture d'Ananas et Vanille - GROUPE MAXIME PINARD","robots":{"index":"index","follow":"follow","max-snippet":"max-snippet:-1","max-image-preview":"max-image-preview:large","max-video-preview":"max-video-preview:-1"},"canonical":"https:\/\/www.maxime-pinard.fr\/en\/product\/confiture-ananas-vanille\/","og_locale":"en_GB","og_type":"article","og_title":"Confiture d'Ananas et Vanille - GROUPE MAXIME PINARD","og_description":"Description : Confiture extra d'Ananas et de Vanille. Les confitures Aurore &amp; Caroline sont faites maison par Isabelle Pinard.  &nbsp;    &nbsp;  Ce produit n'est disponible que dans nos caves de La Br\u00e9e-les-Bains et de Saint-Pierre d'Ol\u00e9ron.  Voir les produits disponibles \u00e0 la vente \u00e0 distance.","og_url":"https:\/\/www.maxime-pinard.fr\/en\/product\/confiture-ananas-vanille\/","og_site_name":"GROUPE MAXIME PINARD","article_publisher":"https:\/\/www.facebook.com\/VignobleMaximePinard\/","article_modified_time":"2022-08-18T11:13:28+00:00","og_image":[{"width":570,"height":570,"url":"https:\/\/www.maxime-pinard.fr\/wp-content\/uploads\/2022\/08\/confiture-ananas-vanille-tahiti-oleron.jpg","type":"image\/jpeg"}],"twitter_card":"summary_large_image","schema":{"@context":"https:\/\/schema.org","@graph":[{"@type":"WebPage","@id":"https:\/\/www.maxime-pinard.fr\/produit\/confiture-ananas-vanille\/","url":"https:\/\/www.maxime-pinard.fr\/produit\/confiture-ananas-vanille\/","name":"Confiture d'Ananas et Vanille - GROUPE MAXIME PINARD","isPartOf":{"@id":"https:\/\/www.maxime-pinard.fr\/#website"},"datePublished":"2017-04-01T08:36:44+00:00","dateModified":"2022-08-18T11:13:28+00:00","breadcrumb":{"@id":"https:\/\/www.maxime-pinard.fr\/produit\/confiture-ananas-vanille\/#breadcrumb"},"inLanguage":"en-GB","potentialAction":[{"@type":"ReadAction","target":["https:\/\/www.maxime-pinard.fr\/produit\/confiture-ananas-vanille\/"]}]},{"@type":"BreadcrumbList","@id":"https:\/\/www.maxime-pinard.fr\/produit\/confiture-ananas-vanille\/#breadcrumb","itemListElement":[{"@type":"ListItem","position":1,"name":"Produits","item":"https:\/\/www.maxime-pinard.fr\/shop\/"},{"@type":"ListItem","position":2,"name":"Confiture d&rsquo;Ananas et Vanille"}]},{"@type":"WebSite","@id":"https:\/\/www.maxime-pinard.fr\/#website","url":"https:\/\/www.maxime-pinard.fr\/","name":"GROUPE MAXIME PINARD","description":"Vignoble, caves, h\u00f4tels, g\u00eete et salle \u00e9v\u00e9nementielle","publisher":{"@id":"https:\/\/www.maxime-pinard.fr\/#organization"},"potentialAction":[{"@type":"SearchAction","target":{"@type":"EntryPoint","urlTemplate":"https:\/\/www.maxime-pinard.fr\/?s={search_term_string}"},"query-input":"required name=search_term_string"}],"inLanguage":"en-GB"},{"@type":"Organization","@id":"https:\/\/www.maxime-pinard.fr\/#organization","name":"GROUPE MAXIME PINARD","url":"https:\/\/www.maxime-pinard.fr\/","logo":{"@type":"ImageObject","inLanguage":"en-GB","@id":"https:\/\/www.maxime-pinard.fr\/#\/schema\/logo\/image\/","url":"https:\/\/www.maxime-pinard.fr\/wp-content\/uploads\/2022\/08\/Groupe-Pinard-exe.png","contentUrl":"https:\/\/www.maxime-pinard.fr\/wp-content\/uploads\/2022\/08\/Groupe-Pinard-exe.png","width":1172,"height":411,"caption":"GROUPE MAXIME PINARD"},"image":{"@id":"https:\/\/www.maxime-pinard.fr\/#\/schema\/logo\/image\/"},"sameAs":["https:\/\/www.facebook.com\/VignobleMaximePinard\/"]}]}},"_links":{"self":[{"href":"https:\/\/www.maxime-pinard.fr\/en\/wp-json\/wp\/v2\/product\/7631"}],"collection":[{"href":"https:\/\/www.maxime-pinard.fr\/en\/wp-json\/wp\/v2\/product"}],"about":[{"href":"https:\/\/www.maxime-pinard.fr\/en\/wp-json\/wp\/v2\/types\/product"}],"wp:featuredmedia":[{"embeddable":true,"href":"https:\/\/www.maxime-pinard.fr\/en\/wp-json\/wp\/v2\/media\/8209"}],"wp:attachment":[{"href":"https:\/\/www.maxime-pinard.fr\/en\/wp-json\/wp\/v2\/media?parent=7631"}],"wp:term":[{"taxonomy":"product_cat","embeddable":true,"href":"https:\/\/www.maxime-pinard.fr\/en\/wp-json\/wp\/v2\/product_cat?post=7631"},{"taxonomy":"product_tag","embeddable":true,"href":"https:\/\/www.maxime-pinard.fr\/en\/wp-json\/wp\/v2\/product_tag?post=7631"}],"curies":[{"name":"wp","href":"https:\/\/api.w.org\/{rel}","templated":true}]}}